{"id":3914,"date":"2023-11-07T10:12:59","date_gmt":"2023-11-07T10:12:59","guid":{"rendered":"https:\/\/www.zivogosce.hr\/hotels\/"},"modified":"2025-07-04T06:26:06","modified_gmt":"2025-07-04T06:26:06","slug":"hotels","status":"publish","type":"page","link":"https:\/\/www.zivogosce.hr\/hr\/hotels\/","title":{"rendered":"Hoteli"},"content":{"rendered":"<div class=\"wpb-content-wrapper\"><p>[vc_row][vc_column width=&#8221;1\/2&#8243;]<figure class=\"sc_image  sc_image_shape_square\"><img decoding=\"async\" src=\"https:\/\/www.zivogosce.hr\/wp-content\/uploads\/2025\/07\/TB_Adriatic_Beach_SPU_AC111621339_Hotel_Overview_1988-2-1.jpg\" alt=\"img\" \/><\/figure>[\/vc_column][vc_column width=&#8221;1\/2&#8243; el_class=&#8221;bulletted_ul&#8221;][vc_column_text css=&#8221;&#8221;]<\/p>\n<h3>TUI BLUE Adriatic Beach ****<\/h3>\n<p>Porat bb<br \/>\n21329 \u017divogo\u0161\u0107e<br \/>\ntel.: +385 (0)1 200 2001<\/p>\n<p>Glavna zgrada : 139 soba<br \/>\nDepadanse: 132 sobe<br \/>\nHotel pru\u017ea smje\u0161taj za odrasle osobe i osobe starije od 16g.<\/p>\n<p>&nbsp;<\/p>\n<h3 class=\"sc_title sc_title_regular\">Podaci o pla\u017ei<\/h3>\n<ul class=\"sc_list sc_list_style_iconed\">\n<li class=\"sc_list_item odd first\">Le\u017ealjke na pla\u017ei<\/li>\n<li class=\"sc_list_item even\">Razonoda na pla\u017ei<\/li>\n<li class=\"sc_list_item odd\">\u0160ljun\u010dana pla\u017ea<\/li>\n<li class=\"sc_list_item even\">Tu\u0161evi na pla\u017ei<\/li>\n<li class=\"sc_list_item odd\">Prirodni hlad<\/li>\n<\/ul>\n<h3 class=\"sc_title sc_title_regular\">Podaci o lokaciji<\/h3>\n<ul class=\"sc_list sc_list_style_iconed\">\n<li class=\"sc_list_item odd first\">Objekt se nalazi uz glavnu cestu<\/li>\n<li class=\"sc_list_item even\">Objekt okru\u017een zelenilom<\/li>\n<li class=\"sc_list_item odd\">Objekt se nalazi u mirnom okru\u017eenju<\/li>\n<\/ul>\n<h3 class=\"sc_title sc_title_regular\">Ekterijer objekta<\/h3>\n<ul class=\"sc_list sc_list_style_iconed\">\n<li class=\"sc_list_item odd first\">Vlastiti bazen<\/li>\n<li class=\"sc_list_item even\">Parkirni prostor<\/li>\n<\/ul>\n<p>[\/vc_column_text][\/vc_column][\/vc_row]<\/p>\n<\/div>","protected":false},"excerpt":{"rendered":"<p>[vc_row][vc_column width=&#8221;1\/2&#8243;][\/vc_column][vc_column width=&#8221;1\/2&#8243; el_class=&#8221;bulletted_ul&#8221;][vc_column_text css=&#8221;&#8221;] TUI BLUE Adriatic Beach **** Porat bb 21329 \u017divogo\u0161\u0107e tel.: +385 (0)1 200 2001 Glavna zgrada : 139 soba Depadanse: 132 sobe Hotel pru\u017ea smje\u0161taj za odrasle osobe i osobe starije od 16g. &nbsp; Podaci o pla\u017ei Le\u017ealjke na pla\u017ei Razonoda na pla\u017ei \u0160ljun\u010dana pla\u017ea Tu\u0161evi na pla\u017ei Prirodni hlad [&hellip;]<\/p>\n","protected":false},"author":1,"featured_media":0,"parent":0,"menu_order":0,"comment_status":"closed","ping_status":"closed","template":"","meta":{"footnotes":""},"class_list":["post-3914","page","type-page","status-publish","hentry"],"yoast_head":"<!-- This site is optimized with the Yoast SEO plugin v27.3 - https:\/\/yoast.com\/product\/yoast-seo-wordpress\/ -->\n<title>Hoteli - \u017divogo\u0161\u0107e<\/title>\n<meta name=\"description\" content=\"Adriatic Beach Resort*** okru\u017een je mediteranskim raslinjem. Smje\u0161ten je na \u0161ljun\u010danoj pla\u017ei \u010distog mora. Hotel ima klimatizirane zajedni\u010dke prostore, 155 soba sa SAT TV i klimatizacijom, 184 sobe u depadansama koje se nalaze u njegovoj neposrednoj blizini i otvoreni bazen s morskom vodom za odrasle i djecu.\" \/>\n<meta name=\"robots\" content=\"index, follow, max-snippet:-1, max-image-preview:large, max-video-preview:-1\" \/>\n<link rel=\"canonical\" href=\"https:\/\/www.zivogosce.hr\/hr\/hotels\/\" \/>\n<meta property=\"og:locale\" content=\"hr_HR\" \/>\n<meta property=\"og:type\" content=\"article\" \/>\n<meta property=\"og:title\" content=\"Hoteli - \u017divogo\u0161\u0107e\" \/>\n<meta property=\"og:description\" content=\"Adriatic Beach Resort*** okru\u017een je mediteranskim raslinjem. Smje\u0161ten je na \u0161ljun\u010danoj pla\u017ei \u010distog mora. Hotel ima klimatizirane zajedni\u010dke prostore, 155 soba sa SAT TV i klimatizacijom, 184 sobe u depadansama koje se nalaze u njegovoj neposrednoj blizini i otvoreni bazen s morskom vodom za odrasle i djecu.\" \/>\n<meta property=\"og:url\" content=\"https:\/\/www.zivogosce.hr\/hr\/hotels\/\" \/>\n<meta property=\"og:site_name\" content=\"\u017divogo\u0161\u0107e\" \/>\n<meta property=\"article:publisher\" content=\"https:\/\/www.facebook.com\/zivogosce\/\" \/>\n<meta property=\"article:modified_time\" content=\"2025-07-04T06:26:06+00:00\" \/>\n<meta name=\"twitter:card\" content=\"summary_large_image\" \/>\n<meta name=\"twitter:label1\" content=\"Procijenjeno vrijeme \u010ditanja\" \/>\n\t<meta name=\"twitter:data1\" content=\"1 minuta\" \/>\n<script type=\"application\/ld+json\" class=\"yoast-schema-graph\">{\"@context\":\"https:\\\/\\\/schema.org\",\"@graph\":[{\"@type\":\"WebPage\",\"@id\":\"https:\\\/\\\/www.zivogosce.hr\\\/hr\\\/hotels\\\/\",\"url\":\"https:\\\/\\\/www.zivogosce.hr\\\/hr\\\/hotels\\\/\",\"name\":\"Hoteli - \u017divogo\u0161\u0107e\",\"isPartOf\":{\"@id\":\"https:\\\/\\\/www.zivogosce.hr\\\/#website\"},\"datePublished\":\"2023-11-07T10:12:59+00:00\",\"dateModified\":\"2025-07-04T06:26:06+00:00\",\"description\":\"Adriatic Beach Resort*** okru\u017een je mediteranskim raslinjem. Smje\u0161ten je na \u0161ljun\u010danoj pla\u017ei \u010distog mora. Hotel ima klimatizirane zajedni\u010dke prostore, 155 soba sa SAT TV i klimatizacijom, 184 sobe u depadansama koje se nalaze u njegovoj neposrednoj blizini i otvoreni bazen s morskom vodom za odrasle i djecu.\",\"breadcrumb\":{\"@id\":\"https:\\\/\\\/www.zivogosce.hr\\\/hr\\\/hotels\\\/#breadcrumb\"},\"inLanguage\":\"hr\",\"potentialAction\":[{\"@type\":\"ReadAction\",\"target\":[\"https:\\\/\\\/www.zivogosce.hr\\\/hr\\\/hotels\\\/\"]}]},{\"@type\":\"BreadcrumbList\",\"@id\":\"https:\\\/\\\/www.zivogosce.hr\\\/hr\\\/hotels\\\/#breadcrumb\",\"itemListElement\":[{\"@type\":\"ListItem\",\"position\":1,\"name\":\"Home\",\"item\":\"https:\\\/\\\/www.zivogosce.hr\\\/hr\\\/\"},{\"@type\":\"ListItem\",\"position\":2,\"name\":\"Hoteli\"}]},{\"@type\":\"WebSite\",\"@id\":\"https:\\\/\\\/www.zivogosce.hr\\\/#website\",\"url\":\"https:\\\/\\\/www.zivogosce.hr\\\/\",\"name\":\"\u017divogo\u0161\u0107e\",\"description\":\"Tourist Board\",\"publisher\":{\"@id\":\"https:\\\/\\\/www.zivogosce.hr\\\/#organization\"},\"potentialAction\":[{\"@type\":\"SearchAction\",\"target\":{\"@type\":\"EntryPoint\",\"urlTemplate\":\"https:\\\/\\\/www.zivogosce.hr\\\/?s={search_term_string}\"},\"query-input\":{\"@type\":\"PropertyValueSpecification\",\"valueRequired\":true,\"valueName\":\"search_term_string\"}}],\"inLanguage\":\"hr\"},{\"@type\":\"Organization\",\"@id\":\"https:\\\/\\\/www.zivogosce.hr\\\/#organization\",\"name\":\"Turisti\u010dka zajednica mjesta \u017divogo\u0161\u0107e\",\"url\":\"https:\\\/\\\/www.zivogosce.hr\\\/\",\"logo\":{\"@type\":\"ImageObject\",\"inLanguage\":\"hr\",\"@id\":\"https:\\\/\\\/www.zivogosce.hr\\\/#\\\/schema\\\/logo\\\/image\\\/\",\"url\":\"https:\\\/\\\/www.zivogosce.hr\\\/wp-content\\\/uploads\\\/2018\\\/02\\\/zivogosce.png\",\"contentUrl\":\"https:\\\/\\\/www.zivogosce.hr\\\/wp-content\\\/uploads\\\/2018\\\/02\\\/zivogosce.png\",\"width\":159,\"height\":72,\"caption\":\"Turisti\u010dka zajednica mjesta \u017divogo\u0161\u0107e\"},\"image\":{\"@id\":\"https:\\\/\\\/www.zivogosce.hr\\\/#\\\/schema\\\/logo\\\/image\\\/\"},\"sameAs\":[\"https:\\\/\\\/www.facebook.com\\\/zivogosce\\\/\"]}]}<\/script>\n<!-- \/ Yoast SEO plugin. -->","yoast_head_json":{"title":"Hoteli - \u017divogo\u0161\u0107e","description":"Adriatic Beach Resort*** okru\u017een je mediteranskim raslinjem. Smje\u0161ten je na \u0161ljun\u010danoj pla\u017ei \u010distog mora. Hotel ima klimatizirane zajedni\u010dke prostore, 155 soba sa SAT TV i klimatizacijom, 184 sobe u depadansama koje se nalaze u njegovoj neposrednoj blizini i otvoreni bazen s morskom vodom za odrasle i djecu.","robots":{"index":"index","follow":"follow","max-snippet":"max-snippet:-1","max-image-preview":"max-image-preview:large","max-video-preview":"max-video-preview:-1"},"canonical":"https:\/\/www.zivogosce.hr\/hr\/hotels\/","og_locale":"hr_HR","og_type":"article","og_title":"Hoteli - \u017divogo\u0161\u0107e","og_description":"Adriatic Beach Resort*** okru\u017een je mediteranskim raslinjem. Smje\u0161ten je na \u0161ljun\u010danoj pla\u017ei \u010distog mora. Hotel ima klimatizirane zajedni\u010dke prostore, 155 soba sa SAT TV i klimatizacijom, 184 sobe u depadansama koje se nalaze u njegovoj neposrednoj blizini i otvoreni bazen s morskom vodom za odrasle i djecu.","og_url":"https:\/\/www.zivogosce.hr\/hr\/hotels\/","og_site_name":"\u017divogo\u0161\u0107e","article_publisher":"https:\/\/www.facebook.com\/zivogosce\/","article_modified_time":"2025-07-04T06:26:06+00:00","twitter_card":"summary_large_image","twitter_misc":{"Procijenjeno vrijeme \u010ditanja":"1 minuta"},"schema":{"@context":"https:\/\/schema.org","@graph":[{"@type":"WebPage","@id":"https:\/\/www.zivogosce.hr\/hr\/hotels\/","url":"https:\/\/www.zivogosce.hr\/hr\/hotels\/","name":"Hoteli - \u017divogo\u0161\u0107e","isPartOf":{"@id":"https:\/\/www.zivogosce.hr\/#website"},"datePublished":"2023-11-07T10:12:59+00:00","dateModified":"2025-07-04T06:26:06+00:00","description":"Adriatic Beach Resort*** okru\u017een je mediteranskim raslinjem. Smje\u0161ten je na \u0161ljun\u010danoj pla\u017ei \u010distog mora. Hotel ima klimatizirane zajedni\u010dke prostore, 155 soba sa SAT TV i klimatizacijom, 184 sobe u depadansama koje se nalaze u njegovoj neposrednoj blizini i otvoreni bazen s morskom vodom za odrasle i djecu.","breadcrumb":{"@id":"https:\/\/www.zivogosce.hr\/hr\/hotels\/#breadcrumb"},"inLanguage":"hr","potentialAction":[{"@type":"ReadAction","target":["https:\/\/www.zivogosce.hr\/hr\/hotels\/"]}]},{"@type":"BreadcrumbList","@id":"https:\/\/www.zivogosce.hr\/hr\/hotels\/#breadcrumb","itemListElement":[{"@type":"ListItem","position":1,"name":"Home","item":"https:\/\/www.zivogosce.hr\/hr\/"},{"@type":"ListItem","position":2,"name":"Hoteli"}]},{"@type":"WebSite","@id":"https:\/\/www.zivogosce.hr\/#website","url":"https:\/\/www.zivogosce.hr\/","name":"\u017divogo\u0161\u0107e","description":"Tourist Board","publisher":{"@id":"https:\/\/www.zivogosce.hr\/#organization"},"potentialAction":[{"@type":"SearchAction","target":{"@type":"EntryPoint","urlTemplate":"https:\/\/www.zivogosce.hr\/?s={search_term_string}"},"query-input":{"@type":"PropertyValueSpecification","valueRequired":true,"valueName":"search_term_string"}}],"inLanguage":"hr"},{"@type":"Organization","@id":"https:\/\/www.zivogosce.hr\/#organization","name":"Turisti\u010dka zajednica mjesta \u017divogo\u0161\u0107e","url":"https:\/\/www.zivogosce.hr\/","logo":{"@type":"ImageObject","inLanguage":"hr","@id":"https:\/\/www.zivogosce.hr\/#\/schema\/logo\/image\/","url":"https:\/\/www.zivogosce.hr\/wp-content\/uploads\/2018\/02\/zivogosce.png","contentUrl":"https:\/\/www.zivogosce.hr\/wp-content\/uploads\/2018\/02\/zivogosce.png","width":159,"height":72,"caption":"Turisti\u010dka zajednica mjesta \u017divogo\u0161\u0107e"},"image":{"@id":"https:\/\/www.zivogosce.hr\/#\/schema\/logo\/image\/"},"sameAs":["https:\/\/www.facebook.com\/zivogosce\/"]}]}},"_links":{"self":[{"href":"https:\/\/www.zivogosce.hr\/hr\/wp-json\/wp\/v2\/pages\/3914","targetHints":{"allow":["GET"]}}],"collection":[{"href":"https:\/\/www.zivogosce.hr\/hr\/wp-json\/wp\/v2\/pages"}],"about":[{"href":"https:\/\/www.zivogosce.hr\/hr\/wp-json\/wp\/v2\/types\/page"}],"author":[{"embeddable":true,"href":"https:\/\/www.zivogosce.hr\/hr\/wp-json\/wp\/v2\/users\/1"}],"replies":[{"embeddable":true,"href":"https:\/\/www.zivogosce.hr\/hr\/wp-json\/wp\/v2\/comments?post=3914"}],"version-history":[{"count":5,"href":"https:\/\/www.zivogosce.hr\/hr\/wp-json\/wp\/v2\/pages\/3914\/revisions"}],"predecessor-version":[{"id":4222,"href":"https:\/\/www.zivogosce.hr\/hr\/wp-json\/wp\/v2\/pages\/3914\/revisions\/4222"}],"wp:attachment":[{"href":"https:\/\/www.zivogosce.hr\/hr\/wp-json\/wp\/v2\/media?parent=3914"}],"curies":[{"name":"wp","href":"https:\/\/api.w.org\/{rel}","templated":true}]}}