{"id":3489,"date":"2021-06-21T09:34:08","date_gmt":"2021-06-21T09:34:08","guid":{"rendered":"https:\/\/www.zivogosce.hr\/?page_id=3489"},"modified":"2024-06-06T11:39:53","modified_gmt":"2024-06-06T11:39:53","slug":"sars-cov2-testiranje-nzjz-splitsko-dalmatinske-zupanije","status":"publish","type":"page","link":"https:\/\/www.zivogosce.hr\/hr\/sars-cov2-testiranje-nzjz-splitsko-dalmatinske-zupanije\/","title":{"rendered":"SARS COV2 TESTIRANJE NZJZ Splitsko-dalmatinske \u017eupanije"},"content":{"rendered":"<p>U Makarskoj mo\u017eete obaviti testiranje na Covid-19. Nude se dvije vrste testa:\u00a0<strong>brzi antigenski testovi<\/strong>\u00a0te\u00a0<strong>PCR testovi<\/strong>.\u00a0<strong>Za PCR test<\/strong>, potrebno je sa s potvrdom o uplati oti\u0107i od\u00a0<strong>ponedjeljka\u00a0<\/strong>do\u00a0<b>subote<\/b>, od\u00a0<strong>7:00-8:30 sati na zapadno parkirali\u0161te\u00a0<\/strong>Doma zdravlja Makarska, a za\u00a0<strong>brze testove<\/strong>\u00a0od\u00a0<strong>ponedjeljka<\/strong>\u00a0do<strong>\u00a0<wbr \/>subote<\/strong>\u00a0od\u00a0<strong>10:30<\/strong>\u00a0do\u00a0<strong>11:00<\/strong>\u00a0<strong>sati\u00a0<\/strong><wbr \/>i od<strong>\u00a011:30\u00a0<\/strong>do<strong>\u00a012:00 sati.<\/strong><u><\/u><u><\/u><\/p>\n<p><strong>Prije dolaska na testiranje potrebno je uplatiti iznos od:<\/strong><br \/>\n-za Rt Pcr na Sars- COV 2 &#8211;\u00a0<strong>400,00 kuna<\/strong>\u00a0(rezultati u roku 48h)<br \/>\n-za Izdavanje nalaza na Rt Pcr Sars COV 2 na engleskom jeziku &#8211;\u00a0<strong>450,00 kuna<\/strong><br \/>\n-za brzi test na antigen virusa Sars-CoV-2 &#8211;\u00a0<strong>150,00 kuna\u00a0<\/strong>(rezultati u roku 30 min)<u><\/u><u><\/u><\/p>\n<p>-za izdavanje nalaza na Sars-CoV-2 na engleskom jeziku\u00a0<strong>nema nadoplate<\/strong><u><\/u><u><\/u><\/p>\n<p>na ra\u010dun Nastavnog zavoda Privredna banka:\u00a0<strong>IBAN:<wbr \/>HR3823400091100180529<\/strong>,\u00a0<strong>SWIFT:<wbr \/>PBZGHR2X<\/strong>,\u00a0<strong>poziv na broj<\/strong>\u00a0\u2013 upisati Va\u0161 OIB.<u><\/u><u><\/u><\/p>\n<p>Sa sobom na testiranje ponesite isprintani dokaz o izvr\u0161enoj uplati.<br \/>\n<strong>KONTAKT BROJ<\/strong>-SLU\u017dBA ZA JAVNO ZDRAVSTVO ISPOSTAVA MAKARSKA<br \/>\n<strong>+385 21 612 716; +385 21 611 207<\/strong><b><br \/>\n<strong>Prije testiranja potrebno se prijaviti putem online platforme<\/strong><br \/>\n<strong>INFORMACIJE O ONLINE NARU\u010cIVANJU DOSTUPNE SU NA WEB STRANICI\u00a0<a href=\"https:\/\/www.nzjz-split.hr\/\" target=\"_blank\" rel=\"noopener\" data-saferedirecturl=\"https:\/\/www.google.com\/url?q=https:\/\/www.nzjz-split.hr\/&amp;source=gmail&amp;ust=1624341571104000&amp;usg=AFQjCNGtBX_i5p5ZTNAcANU3AmD3TLjW8Q\">NZJZ SPLIT<\/a><\/strong><\/b><\/p>\n","protected":false},"excerpt":{"rendered":"<p>U Makarskoj mo\u017eete obaviti testiranje na Covid-19. Nude se dvije vrste testa:\u00a0brzi antigenski testovi\u00a0te\u00a0PCR testovi.\u00a0Za PCR test, potrebno je sa s potvrdom o uplati oti\u0107i od\u00a0ponedjeljka\u00a0do\u00a0subote, od\u00a07:00-8:30 sati na zapadno parkirali\u0161te\u00a0Doma zdravlja Makarska, a za\u00a0brze testove\u00a0od\u00a0ponedjeljka\u00a0do\u00a0subote\u00a0od\u00a010:30\u00a0do\u00a011:00\u00a0sati\u00a0i od\u00a011:30\u00a0do\u00a012:00 sati. Prije dolaska na testiranje potrebno je uplatiti iznos od: -za Rt Pcr na Sars- COV 2 &#8211;\u00a0400,00 [&hellip;]<\/p>\n","protected":false},"author":1,"featured_media":0,"parent":0,"menu_order":0,"comment_status":"closed","ping_status":"closed","template":"","meta":{"footnotes":""},"class_list":["post-3489","page","type-page","status-publish","hentry"],"yoast_head":"<!-- This site is optimized with the Yoast SEO plugin v27.3 - https:\/\/yoast.com\/product\/yoast-seo-wordpress\/ -->\n<title>SARS COV2 TESTIRANJE NZJZ Splitsko-dalmatinske \u017eupanije - \u017divogo\u0161\u0107e<\/title>\n<meta name=\"description\" content=\"U Makarskoj mo\u017eete obaviti testiranje na Covid-19. Nude se dvije vrste testa: brzi antigenski testovi te PCR testovi. Za PCR test, potrebno je sa s potvrdom o uplati oti\u0107i od ponedjeljka do subote, od 7:00-8:30 sati na zapadno parkirali\u0161te Doma zdravlja Makarska\" \/>\n<meta name=\"robots\" content=\"index, follow, max-snippet:-1, max-image-preview:large, max-video-preview:-1\" \/>\n<link rel=\"canonical\" href=\"https:\/\/www.zivogosce.hr\/hr\/sars-cov2-testiranje-nzjz-splitsko-dalmatinske-zupanije\/\" \/>\n<meta property=\"og:locale\" content=\"hr_HR\" \/>\n<meta property=\"og:type\" content=\"article\" \/>\n<meta property=\"og:title\" content=\"SARS COV2 TESTIRANJE NZJZ Splitsko-dalmatinske \u017eupanije - \u017divogo\u0161\u0107e\" \/>\n<meta property=\"og:description\" content=\"U Makarskoj mo\u017eete obaviti testiranje na Covid-19. Nude se dvije vrste testa: brzi antigenski testovi te PCR testovi. Za PCR test, potrebno je sa s potvrdom o uplati oti\u0107i od ponedjeljka do subote, od 7:00-8:30 sati na zapadno parkirali\u0161te Doma zdravlja Makarska\" \/>\n<meta property=\"og:url\" content=\"https:\/\/www.zivogosce.hr\/hr\/sars-cov2-testiranje-nzjz-splitsko-dalmatinske-zupanije\/\" \/>\n<meta property=\"og:site_name\" content=\"\u017divogo\u0161\u0107e\" \/>\n<meta property=\"article:publisher\" content=\"https:\/\/www.facebook.com\/zivogosce\/\" \/>\n<meta property=\"article:modified_time\" content=\"2024-06-06T11:39:53+00:00\" \/>\n<meta name=\"twitter:card\" content=\"summary_large_image\" \/>\n<meta name=\"twitter:label1\" content=\"Procijenjeno vrijeme \u010ditanja\" \/>\n\t<meta name=\"twitter:data1\" content=\"1 minuta\" \/>\n<script type=\"application\/ld+json\" class=\"yoast-schema-graph\">{\"@context\":\"https:\\\/\\\/schema.org\",\"@graph\":[{\"@type\":\"WebPage\",\"@id\":\"https:\\\/\\\/www.zivogosce.hr\\\/hr\\\/sars-cov2-testiranje-nzjz-splitsko-dalmatinske-zupanije\\\/\",\"url\":\"https:\\\/\\\/www.zivogosce.hr\\\/hr\\\/sars-cov2-testiranje-nzjz-splitsko-dalmatinske-zupanije\\\/\",\"name\":\"SARS COV2 TESTIRANJE NZJZ Splitsko-dalmatinske \u017eupanije - \u017divogo\u0161\u0107e\",\"isPartOf\":{\"@id\":\"https:\\\/\\\/www.zivogosce.hr\\\/#website\"},\"datePublished\":\"2021-06-21T09:34:08+00:00\",\"dateModified\":\"2024-06-06T11:39:53+00:00\",\"description\":\"U Makarskoj mo\u017eete obaviti testiranje na Covid-19. Nude se dvije vrste testa: brzi antigenski testovi te PCR testovi. Za PCR test, potrebno je sa s potvrdom o uplati oti\u0107i od ponedjeljka do subote, od 7:00-8:30 sati na zapadno parkirali\u0161te Doma zdravlja Makarska\",\"breadcrumb\":{\"@id\":\"https:\\\/\\\/www.zivogosce.hr\\\/hr\\\/sars-cov2-testiranje-nzjz-splitsko-dalmatinske-zupanije\\\/#breadcrumb\"},\"inLanguage\":\"hr\",\"potentialAction\":[{\"@type\":\"ReadAction\",\"target\":[\"https:\\\/\\\/www.zivogosce.hr\\\/hr\\\/sars-cov2-testiranje-nzjz-splitsko-dalmatinske-zupanije\\\/\"]}]},{\"@type\":\"BreadcrumbList\",\"@id\":\"https:\\\/\\\/www.zivogosce.hr\\\/hr\\\/sars-cov2-testiranje-nzjz-splitsko-dalmatinske-zupanije\\\/#breadcrumb\",\"itemListElement\":[{\"@type\":\"ListItem\",\"position\":1,\"name\":\"Home\",\"item\":\"https:\\\/\\\/www.zivogosce.hr\\\/hr\\\/\"},{\"@type\":\"ListItem\",\"position\":2,\"name\":\"SARS COV2 TESTIRANJE NZJZ Splitsko-dalmatinske \u017eupanije\"}]},{\"@type\":\"WebSite\",\"@id\":\"https:\\\/\\\/www.zivogosce.hr\\\/#website\",\"url\":\"https:\\\/\\\/www.zivogosce.hr\\\/\",\"name\":\"\u017divogo\u0161\u0107e\",\"description\":\"Tourist Board\",\"publisher\":{\"@id\":\"https:\\\/\\\/www.zivogosce.hr\\\/#organization\"},\"potentialAction\":[{\"@type\":\"SearchAction\",\"target\":{\"@type\":\"EntryPoint\",\"urlTemplate\":\"https:\\\/\\\/www.zivogosce.hr\\\/?s={search_term_string}\"},\"query-input\":{\"@type\":\"PropertyValueSpecification\",\"valueRequired\":true,\"valueName\":\"search_term_string\"}}],\"inLanguage\":\"hr\"},{\"@type\":\"Organization\",\"@id\":\"https:\\\/\\\/www.zivogosce.hr\\\/#organization\",\"name\":\"Turisti\u010dka zajednica mjesta \u017divogo\u0161\u0107e\",\"url\":\"https:\\\/\\\/www.zivogosce.hr\\\/\",\"logo\":{\"@type\":\"ImageObject\",\"inLanguage\":\"hr\",\"@id\":\"https:\\\/\\\/www.zivogosce.hr\\\/#\\\/schema\\\/logo\\\/image\\\/\",\"url\":\"https:\\\/\\\/www.zivogosce.hr\\\/wp-content\\\/uploads\\\/2018\\\/02\\\/zivogosce.png\",\"contentUrl\":\"https:\\\/\\\/www.zivogosce.hr\\\/wp-content\\\/uploads\\\/2018\\\/02\\\/zivogosce.png\",\"width\":159,\"height\":72,\"caption\":\"Turisti\u010dka zajednica mjesta \u017divogo\u0161\u0107e\"},\"image\":{\"@id\":\"https:\\\/\\\/www.zivogosce.hr\\\/#\\\/schema\\\/logo\\\/image\\\/\"},\"sameAs\":[\"https:\\\/\\\/www.facebook.com\\\/zivogosce\\\/\"]}]}<\/script>\n<!-- \/ Yoast SEO plugin. -->","yoast_head_json":{"title":"SARS COV2 TESTIRANJE NZJZ Splitsko-dalmatinske \u017eupanije - \u017divogo\u0161\u0107e","description":"U Makarskoj mo\u017eete obaviti testiranje na Covid-19. Nude se dvije vrste testa: brzi antigenski testovi te PCR testovi. Za PCR test, potrebno je sa s potvrdom o uplati oti\u0107i od ponedjeljka do subote, od 7:00-8:30 sati na zapadno parkirali\u0161te Doma zdravlja Makarska","robots":{"index":"index","follow":"follow","max-snippet":"max-snippet:-1","max-image-preview":"max-image-preview:large","max-video-preview":"max-video-preview:-1"},"canonical":"https:\/\/www.zivogosce.hr\/hr\/sars-cov2-testiranje-nzjz-splitsko-dalmatinske-zupanije\/","og_locale":"hr_HR","og_type":"article","og_title":"SARS COV2 TESTIRANJE NZJZ Splitsko-dalmatinske \u017eupanije - \u017divogo\u0161\u0107e","og_description":"U Makarskoj mo\u017eete obaviti testiranje na Covid-19. Nude se dvije vrste testa: brzi antigenski testovi te PCR testovi. Za PCR test, potrebno je sa s potvrdom o uplati oti\u0107i od ponedjeljka do subote, od 7:00-8:30 sati na zapadno parkirali\u0161te Doma zdravlja Makarska","og_url":"https:\/\/www.zivogosce.hr\/hr\/sars-cov2-testiranje-nzjz-splitsko-dalmatinske-zupanije\/","og_site_name":"\u017divogo\u0161\u0107e","article_publisher":"https:\/\/www.facebook.com\/zivogosce\/","article_modified_time":"2024-06-06T11:39:53+00:00","twitter_card":"summary_large_image","twitter_misc":{"Procijenjeno vrijeme \u010ditanja":"1 minuta"},"schema":{"@context":"https:\/\/schema.org","@graph":[{"@type":"WebPage","@id":"https:\/\/www.zivogosce.hr\/hr\/sars-cov2-testiranje-nzjz-splitsko-dalmatinske-zupanije\/","url":"https:\/\/www.zivogosce.hr\/hr\/sars-cov2-testiranje-nzjz-splitsko-dalmatinske-zupanije\/","name":"SARS COV2 TESTIRANJE NZJZ Splitsko-dalmatinske \u017eupanije - \u017divogo\u0161\u0107e","isPartOf":{"@id":"https:\/\/www.zivogosce.hr\/#website"},"datePublished":"2021-06-21T09:34:08+00:00","dateModified":"2024-06-06T11:39:53+00:00","description":"U Makarskoj mo\u017eete obaviti testiranje na Covid-19. Nude se dvije vrste testa: brzi antigenski testovi te PCR testovi. Za PCR test, potrebno je sa s potvrdom o uplati oti\u0107i od ponedjeljka do subote, od 7:00-8:30 sati na zapadno parkirali\u0161te Doma zdravlja Makarska","breadcrumb":{"@id":"https:\/\/www.zivogosce.hr\/hr\/sars-cov2-testiranje-nzjz-splitsko-dalmatinske-zupanije\/#breadcrumb"},"inLanguage":"hr","potentialAction":[{"@type":"ReadAction","target":["https:\/\/www.zivogosce.hr\/hr\/sars-cov2-testiranje-nzjz-splitsko-dalmatinske-zupanije\/"]}]},{"@type":"BreadcrumbList","@id":"https:\/\/www.zivogosce.hr\/hr\/sars-cov2-testiranje-nzjz-splitsko-dalmatinske-zupanije\/#breadcrumb","itemListElement":[{"@type":"ListItem","position":1,"name":"Home","item":"https:\/\/www.zivogosce.hr\/hr\/"},{"@type":"ListItem","position":2,"name":"SARS COV2 TESTIRANJE NZJZ Splitsko-dalmatinske \u017eupanije"}]},{"@type":"WebSite","@id":"https:\/\/www.zivogosce.hr\/#website","url":"https:\/\/www.zivogosce.hr\/","name":"\u017divogo\u0161\u0107e","description":"Tourist Board","publisher":{"@id":"https:\/\/www.zivogosce.hr\/#organization"},"potentialAction":[{"@type":"SearchAction","target":{"@type":"EntryPoint","urlTemplate":"https:\/\/www.zivogosce.hr\/?s={search_term_string}"},"query-input":{"@type":"PropertyValueSpecification","valueRequired":true,"valueName":"search_term_string"}}],"inLanguage":"hr"},{"@type":"Organization","@id":"https:\/\/www.zivogosce.hr\/#organization","name":"Turisti\u010dka zajednica mjesta \u017divogo\u0161\u0107e","url":"https:\/\/www.zivogosce.hr\/","logo":{"@type":"ImageObject","inLanguage":"hr","@id":"https:\/\/www.zivogosce.hr\/#\/schema\/logo\/image\/","url":"https:\/\/www.zivogosce.hr\/wp-content\/uploads\/2018\/02\/zivogosce.png","contentUrl":"https:\/\/www.zivogosce.hr\/wp-content\/uploads\/2018\/02\/zivogosce.png","width":159,"height":72,"caption":"Turisti\u010dka zajednica mjesta \u017divogo\u0161\u0107e"},"image":{"@id":"https:\/\/www.zivogosce.hr\/#\/schema\/logo\/image\/"},"sameAs":["https:\/\/www.facebook.com\/zivogosce\/"]}]}},"_links":{"self":[{"href":"https:\/\/www.zivogosce.hr\/hr\/wp-json\/wp\/v2\/pages\/3489","targetHints":{"allow":["GET"]}}],"collection":[{"href":"https:\/\/www.zivogosce.hr\/hr\/wp-json\/wp\/v2\/pages"}],"about":[{"href":"https:\/\/www.zivogosce.hr\/hr\/wp-json\/wp\/v2\/types\/page"}],"author":[{"embeddable":true,"href":"https:\/\/www.zivogosce.hr\/hr\/wp-json\/wp\/v2\/users\/1"}],"replies":[{"embeddable":true,"href":"https:\/\/www.zivogosce.hr\/hr\/wp-json\/wp\/v2\/comments?post=3489"}],"version-history":[{"count":1,"href":"https:\/\/www.zivogosce.hr\/hr\/wp-json\/wp\/v2\/pages\/3489\/revisions"}],"predecessor-version":[{"id":3490,"href":"https:\/\/www.zivogosce.hr\/hr\/wp-json\/wp\/v2\/pages\/3489\/revisions\/3490"}],"wp:attachment":[{"href":"https:\/\/www.zivogosce.hr\/hr\/wp-json\/wp\/v2\/media?parent=3489"}],"curies":[{"name":"wp","href":"https:\/\/api.w.org\/{rel}","templated":true}]}}