{"id":2286,"date":"2016-08-08T10:59:48","date_gmt":"2016-08-08T10:59:48","guid":{"rendered":"http:\/\/www.zivogosce.hr\/recreation\/?lang=hr"},"modified":"2024-06-06T11:31:36","modified_gmt":"2024-06-06T11:31:36","slug":"recreation","status":"publish","type":"page","link":"https:\/\/www.zivogosce.hr\/hr\/recreation\/","title":{"rendered":"Rekreacija"},"content":{"rendered":"<div class=\"wpb-content-wrapper\"><p>[vc_row][vc_column][vc_column_text]Postoji puno mogu\u0107nosti za bavljenje sportom i rekreaciju, zahvaljuju\u0107i idili\u010dnom polo\u017eaju mjesta, uz samu obalu mora u podno\u017eju velebne planine Biokovo.<\/p>\n<p>Uz niz sadr\u017eaja na sportskim terenima poput tenisa i bo\u0107anja, tu su i biciklisti\u010dka i planinarska staza, a popularni su i sportovi na moru.<\/p>\n<p>Ljubitelji romanti\u010dnih \u0161etnji odabrati \u0107e \u0161etnicu uz more u obli\u017enjoj Podgori, dok \u0107e avanturisti odabrati Park prirode Biokovo sa svojim pou\u010dnim stazama.<\/p>\n<p>Tu su tako\u0111er i dvije manje lu\u010dice za prihvat i vezivanje nauti\u010dara.[\/vc_column_text][\/vc_column][\/vc_row][vc_row css=&#8221;.vc_custom_1484907764621{margin-top: 50px !important;}&#8221;][vc_column][vc_custom_heading text=&#8221;Biciklisti\u010dka staza Igrane &#8211; \u017divogo\u0161\u0107e&#8221; use_theme_fonts=&#8221;yes&#8221;]<figure class=\"sc_image  sc_image_shape_square\" style=\"margin-top:10px !important;margin-bottom:20px !important;width:100%;\"><img decoding=\"async\" src=\"https:\/\/www.zivogosce.hr\/wp-content\/uploads\/2016\/08\/Igrane-Zivogosce_bike.png\" alt=\"img\" \/><\/figure>[vc_column_text]Vrsta staze: bre\u017euljkasta<br \/>\nDuljina: 25.6 km<br \/>\nTeren: 12.3 km asfalt, 13.3. km makadam<\/p>\n<p>Opis staze:<br \/>\nStaza polazi od po\u0161te u Igranima i asfaltnom cestom prema \u017divogo\u0161\u0107u do samostana. Od samostana odnosno hotela \u201eSensimar Adriatic Beach Resort\u201c nastavlja se magistralom prema Dubrovniku, 1 km do Male Dube, pa u mjestu obalom prema istoku do Velike Dube (autokamp) te uz podno\u017eje brda Matija\u0161evica single track obalnom stazom do uvale Blato i dalje kroz autokamp \u201eDole\u201c i \u201eBoban\u201c do magistralne ceste. Preko potoka slijedi izlazak na magistralu i sa sjeverne strane magistrale makadamski spoj prema zaseoku Strnj (smjer prema zapadu) te dalje starom cestom do groblja u \u017divogo\u0161\u0107u. Iznad groblja staza se odvaja u smjeru sjeverozapada i protupo\u017earnim putem iznad crkve Sv. Mihovila produ\u017eava prema starom selu Dra\u0161nice gdje se spu\u0161ta na magistralu kod autobusne stanice u mjestu Dra\u0161nice. Nakon prelaska Jadranske magistrale te dalje kroz zaseok Brskovac staza se spu\u0161ta do mjesnog groblja, nakon \u010dega skre\u0107e prema jugoistoku i prolazi lokalnom cestom kroz Dra\u0161nice u smjeru Igrana. Makadamskim putem kroz maslinike staza dolazi do mjesta Igrane, gdje zavr\u0161ava kod po\u0161te.<\/p>\n<p>Vi\u0161e informacija: <a href=\"http:\/\/www.dalmatia-bike.com\/staze\/igrane-zivogosce-tour\/\" target=\"_blank\" rel=\"noopener\">www.dalmatia-bike.com\/staze\/igrane-zivogosce-tour\/<\/a><\/p>\n<p>[\/vc_column_text][\/vc_column][\/vc_row]<\/p>\n<\/div>","protected":false},"excerpt":{"rendered":"<p>[vc_row][vc_column][vc_column_text]Postoji puno mogu\u0107nosti za bavljenje sportom i rekreaciju, zahvaljuju\u0107i idili\u010dnom polo\u017eaju mjesta, uz samu obalu mora u podno\u017eju velebne planine Biokovo. Uz niz sadr\u017eaja na sportskim terenima poput tenisa i bo\u0107anja, tu su i biciklisti\u010dka i planinarska staza, a popularni su i sportovi na moru. Ljubitelji romanti\u010dnih \u0161etnji odabrati \u0107e \u0161etnicu uz more u obli\u017enjoj [&hellip;]<\/p>\n","protected":false},"author":1,"featured_media":0,"parent":0,"menu_order":0,"comment_status":"closed","ping_status":"closed","template":"","meta":{"footnotes":""},"class_list":["post-2286","page","type-page","status-publish","hentry"],"yoast_head":"<!-- This site is optimized with the Yoast SEO plugin v27.3 - https:\/\/yoast.com\/product\/yoast-seo-wordpress\/ -->\n<title>Rekreacija - \u017divogo\u0161\u0107e<\/title>\n<meta name=\"description\" content=\"Postoji puno mogu\u0107nosti za bavljenje sportom i rekreaciju, zahvaljuju\u0107i idili\u010dnom polo\u017eaju mjesta, uz samu obalu mora u podno\u017eju velebne planine Biokovo. Uz niz sadr\u017eaja na sportskim terenima poput tenisa i bo\u0107anja, tu su i biciklisti\u010dka i planinarska staza, a popularni su i sportovi na moru.\" \/>\n<meta name=\"robots\" content=\"index, follow, max-snippet:-1, max-image-preview:large, max-video-preview:-1\" \/>\n<link rel=\"canonical\" href=\"https:\/\/www.zivogosce.hr\/hr\/recreation\/\" \/>\n<meta property=\"og:locale\" content=\"hr_HR\" \/>\n<meta property=\"og:type\" content=\"article\" \/>\n<meta property=\"og:title\" content=\"Rekreacija - \u017divogo\u0161\u0107e\" \/>\n<meta property=\"og:description\" content=\"Postoji puno mogu\u0107nosti za bavljenje sportom i rekreaciju, zahvaljuju\u0107i idili\u010dnom polo\u017eaju mjesta, uz samu obalu mora u podno\u017eju velebne planine Biokovo. Uz niz sadr\u017eaja na sportskim terenima poput tenisa i bo\u0107anja, tu su i biciklisti\u010dka i planinarska staza, a popularni su i sportovi na moru.\" \/>\n<meta property=\"og:url\" content=\"https:\/\/www.zivogosce.hr\/hr\/recreation\/\" \/>\n<meta property=\"og:site_name\" content=\"\u017divogo\u0161\u0107e\" \/>\n<meta property=\"article:publisher\" content=\"https:\/\/www.facebook.com\/zivogosce\/\" \/>\n<meta property=\"article:modified_time\" content=\"2024-06-06T11:31:36+00:00\" \/>\n<meta name=\"twitter:card\" content=\"summary_large_image\" \/>\n<meta name=\"twitter:label1\" content=\"Procijenjeno vrijeme \u010ditanja\" \/>\n\t<meta name=\"twitter:data1\" content=\"2 minute\" \/>\n<script type=\"application\/ld+json\" class=\"yoast-schema-graph\">{\"@context\":\"https:\\\/\\\/schema.org\",\"@graph\":[{\"@type\":\"WebPage\",\"@id\":\"https:\\\/\\\/www.zivogosce.hr\\\/hr\\\/recreation\\\/\",\"url\":\"https:\\\/\\\/www.zivogosce.hr\\\/hr\\\/recreation\\\/\",\"name\":\"Rekreacija - \u017divogo\u0161\u0107e\",\"isPartOf\":{\"@id\":\"https:\\\/\\\/www.zivogosce.hr\\\/#website\"},\"datePublished\":\"2016-08-08T10:59:48+00:00\",\"dateModified\":\"2024-06-06T11:31:36+00:00\",\"description\":\"Postoji puno mogu\u0107nosti za bavljenje sportom i rekreaciju, zahvaljuju\u0107i idili\u010dnom polo\u017eaju mjesta, uz samu obalu mora u podno\u017eju velebne planine Biokovo. Uz niz sadr\u017eaja na sportskim terenima poput tenisa i bo\u0107anja, tu su i biciklisti\u010dka i planinarska staza, a popularni su i sportovi na moru.\",\"breadcrumb\":{\"@id\":\"https:\\\/\\\/www.zivogosce.hr\\\/hr\\\/recreation\\\/#breadcrumb\"},\"inLanguage\":\"hr\",\"potentialAction\":[{\"@type\":\"ReadAction\",\"target\":[\"https:\\\/\\\/www.zivogosce.hr\\\/hr\\\/recreation\\\/\"]}]},{\"@type\":\"BreadcrumbList\",\"@id\":\"https:\\\/\\\/www.zivogosce.hr\\\/hr\\\/recreation\\\/#breadcrumb\",\"itemListElement\":[{\"@type\":\"ListItem\",\"position\":1,\"name\":\"Home\",\"item\":\"https:\\\/\\\/www.zivogosce.hr\\\/hr\\\/\"},{\"@type\":\"ListItem\",\"position\":2,\"name\":\"Rekreacija\"}]},{\"@type\":\"WebSite\",\"@id\":\"https:\\\/\\\/www.zivogosce.hr\\\/#website\",\"url\":\"https:\\\/\\\/www.zivogosce.hr\\\/\",\"name\":\"\u017divogo\u0161\u0107e\",\"description\":\"Tourist Board\",\"publisher\":{\"@id\":\"https:\\\/\\\/www.zivogosce.hr\\\/#organization\"},\"potentialAction\":[{\"@type\":\"SearchAction\",\"target\":{\"@type\":\"EntryPoint\",\"urlTemplate\":\"https:\\\/\\\/www.zivogosce.hr\\\/?s={search_term_string}\"},\"query-input\":{\"@type\":\"PropertyValueSpecification\",\"valueRequired\":true,\"valueName\":\"search_term_string\"}}],\"inLanguage\":\"hr\"},{\"@type\":\"Organization\",\"@id\":\"https:\\\/\\\/www.zivogosce.hr\\\/#organization\",\"name\":\"Turisti\u010dka zajednica mjesta \u017divogo\u0161\u0107e\",\"url\":\"https:\\\/\\\/www.zivogosce.hr\\\/\",\"logo\":{\"@type\":\"ImageObject\",\"inLanguage\":\"hr\",\"@id\":\"https:\\\/\\\/www.zivogosce.hr\\\/#\\\/schema\\\/logo\\\/image\\\/\",\"url\":\"https:\\\/\\\/www.zivogosce.hr\\\/wp-content\\\/uploads\\\/2018\\\/02\\\/zivogosce.png\",\"contentUrl\":\"https:\\\/\\\/www.zivogosce.hr\\\/wp-content\\\/uploads\\\/2018\\\/02\\\/zivogosce.png\",\"width\":159,\"height\":72,\"caption\":\"Turisti\u010dka zajednica mjesta \u017divogo\u0161\u0107e\"},\"image\":{\"@id\":\"https:\\\/\\\/www.zivogosce.hr\\\/#\\\/schema\\\/logo\\\/image\\\/\"},\"sameAs\":[\"https:\\\/\\\/www.facebook.com\\\/zivogosce\\\/\"]}]}<\/script>\n<!-- \/ Yoast SEO plugin. -->","yoast_head_json":{"title":"Rekreacija - \u017divogo\u0161\u0107e","description":"Postoji puno mogu\u0107nosti za bavljenje sportom i rekreaciju, zahvaljuju\u0107i idili\u010dnom polo\u017eaju mjesta, uz samu obalu mora u podno\u017eju velebne planine Biokovo. Uz niz sadr\u017eaja na sportskim terenima poput tenisa i bo\u0107anja, tu su i biciklisti\u010dka i planinarska staza, a popularni su i sportovi na moru.","robots":{"index":"index","follow":"follow","max-snippet":"max-snippet:-1","max-image-preview":"max-image-preview:large","max-video-preview":"max-video-preview:-1"},"canonical":"https:\/\/www.zivogosce.hr\/hr\/recreation\/","og_locale":"hr_HR","og_type":"article","og_title":"Rekreacija - \u017divogo\u0161\u0107e","og_description":"Postoji puno mogu\u0107nosti za bavljenje sportom i rekreaciju, zahvaljuju\u0107i idili\u010dnom polo\u017eaju mjesta, uz samu obalu mora u podno\u017eju velebne planine Biokovo. Uz niz sadr\u017eaja na sportskim terenima poput tenisa i bo\u0107anja, tu su i biciklisti\u010dka i planinarska staza, a popularni su i sportovi na moru.","og_url":"https:\/\/www.zivogosce.hr\/hr\/recreation\/","og_site_name":"\u017divogo\u0161\u0107e","article_publisher":"https:\/\/www.facebook.com\/zivogosce\/","article_modified_time":"2024-06-06T11:31:36+00:00","twitter_card":"summary_large_image","twitter_misc":{"Procijenjeno vrijeme \u010ditanja":"2 minute"},"schema":{"@context":"https:\/\/schema.org","@graph":[{"@type":"WebPage","@id":"https:\/\/www.zivogosce.hr\/hr\/recreation\/","url":"https:\/\/www.zivogosce.hr\/hr\/recreation\/","name":"Rekreacija - \u017divogo\u0161\u0107e","isPartOf":{"@id":"https:\/\/www.zivogosce.hr\/#website"},"datePublished":"2016-08-08T10:59:48+00:00","dateModified":"2024-06-06T11:31:36+00:00","description":"Postoji puno mogu\u0107nosti za bavljenje sportom i rekreaciju, zahvaljuju\u0107i idili\u010dnom polo\u017eaju mjesta, uz samu obalu mora u podno\u017eju velebne planine Biokovo. Uz niz sadr\u017eaja na sportskim terenima poput tenisa i bo\u0107anja, tu su i biciklisti\u010dka i planinarska staza, a popularni su i sportovi na moru.","breadcrumb":{"@id":"https:\/\/www.zivogosce.hr\/hr\/recreation\/#breadcrumb"},"inLanguage":"hr","potentialAction":[{"@type":"ReadAction","target":["https:\/\/www.zivogosce.hr\/hr\/recreation\/"]}]},{"@type":"BreadcrumbList","@id":"https:\/\/www.zivogosce.hr\/hr\/recreation\/#breadcrumb","itemListElement":[{"@type":"ListItem","position":1,"name":"Home","item":"https:\/\/www.zivogosce.hr\/hr\/"},{"@type":"ListItem","position":2,"name":"Rekreacija"}]},{"@type":"WebSite","@id":"https:\/\/www.zivogosce.hr\/#website","url":"https:\/\/www.zivogosce.hr\/","name":"\u017divogo\u0161\u0107e","description":"Tourist Board","publisher":{"@id":"https:\/\/www.zivogosce.hr\/#organization"},"potentialAction":[{"@type":"SearchAction","target":{"@type":"EntryPoint","urlTemplate":"https:\/\/www.zivogosce.hr\/?s={search_term_string}"},"query-input":{"@type":"PropertyValueSpecification","valueRequired":true,"valueName":"search_term_string"}}],"inLanguage":"hr"},{"@type":"Organization","@id":"https:\/\/www.zivogosce.hr\/#organization","name":"Turisti\u010dka zajednica mjesta \u017divogo\u0161\u0107e","url":"https:\/\/www.zivogosce.hr\/","logo":{"@type":"ImageObject","inLanguage":"hr","@id":"https:\/\/www.zivogosce.hr\/#\/schema\/logo\/image\/","url":"https:\/\/www.zivogosce.hr\/wp-content\/uploads\/2018\/02\/zivogosce.png","contentUrl":"https:\/\/www.zivogosce.hr\/wp-content\/uploads\/2018\/02\/zivogosce.png","width":159,"height":72,"caption":"Turisti\u010dka zajednica mjesta \u017divogo\u0161\u0107e"},"image":{"@id":"https:\/\/www.zivogosce.hr\/#\/schema\/logo\/image\/"},"sameAs":["https:\/\/www.facebook.com\/zivogosce\/"]}]}},"_links":{"self":[{"href":"https:\/\/www.zivogosce.hr\/hr\/wp-json\/wp\/v2\/pages\/2286","targetHints":{"allow":["GET"]}}],"collection":[{"href":"https:\/\/www.zivogosce.hr\/hr\/wp-json\/wp\/v2\/pages"}],"about":[{"href":"https:\/\/www.zivogosce.hr\/hr\/wp-json\/wp\/v2\/types\/page"}],"author":[{"embeddable":true,"href":"https:\/\/www.zivogosce.hr\/hr\/wp-json\/wp\/v2\/users\/1"}],"replies":[{"embeddable":true,"href":"https:\/\/www.zivogosce.hr\/hr\/wp-json\/wp\/v2\/comments?post=2286"}],"version-history":[{"count":5,"href":"https:\/\/www.zivogosce.hr\/hr\/wp-json\/wp\/v2\/pages\/2286\/revisions"}],"predecessor-version":[{"id":4016,"href":"https:\/\/www.zivogosce.hr\/hr\/wp-json\/wp\/v2\/pages\/2286\/revisions\/4016"}],"wp:attachment":[{"href":"https:\/\/www.zivogosce.hr\/hr\/wp-json\/wp\/v2\/media?parent=2286"}],"curies":[{"name":"wp","href":"https:\/\/api.w.org\/{rel}","templated":true}]}}