{"id":3499,"date":"2021-06-21T09:34:08","date_gmt":"2021-06-21T09:34:08","guid":{"rendered":"https:\/\/www.zivogosce.hr\/sars-cov2-testiranje-nzjz-splitsko-dalmatinske-zupanije\/"},"modified":"2024-06-06T11:40:36","modified_gmt":"2024-06-06T11:40:36","slug":"sars-cov2-testiranje-nzjz-splitsko-dalmatinske-zupanije","status":"publish","type":"page","link":"https:\/\/www.zivogosce.hr\/fr\/sars-cov2-testiranje-nzjz-splitsko-dalmatinske-zupanije\/","title":{"rendered":"SARS COV2 TESTING NZJZ SPLIT-DALMATIA COUNTY"},"content":{"rendered":"<p><strong>COVID 19 TESTING in Makarska<\/strong><\/p>\n<p><strong>Address<\/strong>: Ulica Stjepana Ivi\u010devi\u0107a 2 western parking lot of the Makarska Health Centre \u201cDom<br \/>\nzdravlja Makarska\u201d)<br \/>\n<strong>Appointment scheduling<\/strong>: https:\/\/prijavnicentar.hr\/hr_HR\/testiranje\/split<\/p>\n<p><strong>PCR Test<\/strong><br \/>\nPrice<br \/>\n10 SARS CoV 2 RT PCR: HRK 400.00<br \/>\n10 SARS CoV 2 RT PCR, results in English: HRK 450.00<\/p>\n<p>Monday &#8211; Saturday: from 07:00 AM to 08:30 AM<br \/>\nResults: delivery by email<br \/>\nResults returned in: 24-48 hours<\/p>\n<p><strong>Rapid Antigen Test<\/strong><br \/>\nPrice<br \/>\n10 SARS CoV 2 Rapid Antigen Test \/ in Croatian\/English: HRK 150.00<\/p>\n<p>Monday- Friday: from 10:30 AM to 11:00 AM and from 11.30 AM to 12.00 PM<br \/>\nSaturday: 9:30 AM &#8211; 11:00 AM<\/p>\n<p>Results: on the spot<br \/>\nResults returned in: 30-60 minutes<\/p>\n<p>Payment: to the account of the Teaching Institute<br \/>\nPrivredna banka: IBAN: HR38 23400091100180529,<br \/>\nSWIFT: PBZGHR2X<br \/>\nreference number enter your OIB (PIN) or personal identification document number<br \/>\nNote: Please bring printed proof of payment with you! Payment is not possible at the test site!<\/p>\n","protected":false},"excerpt":{"rendered":"<p>COVID 19 TESTING in Makarska Address: Ulica Stjepana Ivi\u010devi\u0107a 2 western parking lot of the Makarska Health Centre \u201cDom zdravlja Makarska\u201d) Appointment scheduling: https:\/\/prijavnicentar.hr\/hr_HR\/testiranje\/split PCR Test Price 10 SARS CoV 2 RT PCR: HRK 400.00 10 SARS CoV 2 RT PCR, results in English: HRK 450.00 Monday &#8211; Saturday: from 07:00 AM to 08:30 AM [&hellip;]<\/p>\n","protected":false},"author":1,"featured_media":0,"parent":0,"menu_order":0,"comment_status":"closed","ping_status":"closed","template":"","meta":{"footnotes":""},"class_list":["post-3499","page","type-page","status-publish","hentry"],"yoast_head":"<!-- This site is optimized with the Yoast SEO plugin v27.3 - https:\/\/yoast.com\/product\/yoast-seo-wordpress\/ -->\n<title>SARS COV2 TESTING NZJZ SPLIT-DALMATIA COUNTY - \u017divogo\u0161\u0107e<\/title>\n<meta name=\"description\" content=\"COVID 19 TESTING in MakarskaAddress: Ulica Stjepana Ivi\u010devi\u0107a 2 western parking lot of the Makarska Health Centre \u201cDomzdravlja Makarska\u201d)\" \/>\n<meta name=\"robots\" content=\"index, follow, max-snippet:-1, max-image-preview:large, max-video-preview:-1\" \/>\n<link rel=\"canonical\" href=\"https:\/\/www.zivogosce.hr\/fr\/sars-cov2-testiranje-nzjz-splitsko-dalmatinske-zupanije\/\" \/>\n<meta property=\"og:locale\" content=\"fr_FR\" \/>\n<meta property=\"og:type\" content=\"article\" \/>\n<meta property=\"og:title\" content=\"SARS COV2 TESTING NZJZ SPLIT-DALMATIA COUNTY - \u017divogo\u0161\u0107e\" \/>\n<meta property=\"og:description\" content=\"COVID 19 TESTING in MakarskaAddress: Ulica Stjepana Ivi\u010devi\u0107a 2 western parking lot of the Makarska Health Centre \u201cDomzdravlja Makarska\u201d)\" \/>\n<meta property=\"og:url\" content=\"https:\/\/www.zivogosce.hr\/fr\/sars-cov2-testiranje-nzjz-splitsko-dalmatinske-zupanije\/\" \/>\n<meta property=\"og:site_name\" content=\"\u017divogo\u0161\u0107e\" \/>\n<meta property=\"article:publisher\" content=\"https:\/\/www.facebook.com\/zivogosce\/\" \/>\n<meta property=\"article:modified_time\" content=\"2024-06-06T11:40:36+00:00\" \/>\n<meta name=\"twitter:card\" content=\"summary_large_image\" \/>\n<meta name=\"twitter:label1\" content=\"Dur\u00e9e de lecture estim\u00e9e\" \/>\n\t<meta name=\"twitter:data1\" content=\"1 minute\" \/>\n<script type=\"application\/ld+json\" class=\"yoast-schema-graph\">{\"@context\":\"https:\\\/\\\/schema.org\",\"@graph\":[{\"@type\":\"WebPage\",\"@id\":\"https:\\\/\\\/www.zivogosce.hr\\\/fr\\\/sars-cov2-testiranje-nzjz-splitsko-dalmatinske-zupanije\\\/\",\"url\":\"https:\\\/\\\/www.zivogosce.hr\\\/fr\\\/sars-cov2-testiranje-nzjz-splitsko-dalmatinske-zupanije\\\/\",\"name\":\"SARS COV2 TESTING NZJZ SPLIT-DALMATIA COUNTY - \u017divogo\u0161\u0107e\",\"isPartOf\":{\"@id\":\"https:\\\/\\\/www.zivogosce.hr\\\/#website\"},\"datePublished\":\"2021-06-21T09:34:08+00:00\",\"dateModified\":\"2024-06-06T11:40:36+00:00\",\"description\":\"COVID 19 TESTING in MakarskaAddress: Ulica Stjepana Ivi\u010devi\u0107a 2 western parking lot of the Makarska Health Centre \u201cDomzdravlja Makarska\u201d)\",\"breadcrumb\":{\"@id\":\"https:\\\/\\\/www.zivogosce.hr\\\/fr\\\/sars-cov2-testiranje-nzjz-splitsko-dalmatinske-zupanije\\\/#breadcrumb\"},\"inLanguage\":\"fr-FR\",\"potentialAction\":[{\"@type\":\"ReadAction\",\"target\":[\"https:\\\/\\\/www.zivogosce.hr\\\/fr\\\/sars-cov2-testiranje-nzjz-splitsko-dalmatinske-zupanije\\\/\"]}]},{\"@type\":\"BreadcrumbList\",\"@id\":\"https:\\\/\\\/www.zivogosce.hr\\\/fr\\\/sars-cov2-testiranje-nzjz-splitsko-dalmatinske-zupanije\\\/#breadcrumb\",\"itemListElement\":[{\"@type\":\"ListItem\",\"position\":1,\"name\":\"Home\",\"item\":\"https:\\\/\\\/www.zivogosce.hr\\\/fr\\\/\"},{\"@type\":\"ListItem\",\"position\":2,\"name\":\"SARS COV2 TESTING NZJZ SPLIT-DALMATIA COUNTY\"}]},{\"@type\":\"WebSite\",\"@id\":\"https:\\\/\\\/www.zivogosce.hr\\\/#website\",\"url\":\"https:\\\/\\\/www.zivogosce.hr\\\/\",\"name\":\"\u017divogo\u0161\u0107e\",\"description\":\"Tourist Board\",\"publisher\":{\"@id\":\"https:\\\/\\\/www.zivogosce.hr\\\/#organization\"},\"potentialAction\":[{\"@type\":\"SearchAction\",\"target\":{\"@type\":\"EntryPoint\",\"urlTemplate\":\"https:\\\/\\\/www.zivogosce.hr\\\/?s={search_term_string}\"},\"query-input\":{\"@type\":\"PropertyValueSpecification\",\"valueRequired\":true,\"valueName\":\"search_term_string\"}}],\"inLanguage\":\"fr-FR\"},{\"@type\":\"Organization\",\"@id\":\"https:\\\/\\\/www.zivogosce.hr\\\/#organization\",\"name\":\"Turisti\u010dka zajednica mjesta \u017divogo\u0161\u0107e\",\"url\":\"https:\\\/\\\/www.zivogosce.hr\\\/\",\"logo\":{\"@type\":\"ImageObject\",\"inLanguage\":\"fr-FR\",\"@id\":\"https:\\\/\\\/www.zivogosce.hr\\\/#\\\/schema\\\/logo\\\/image\\\/\",\"url\":\"https:\\\/\\\/www.zivogosce.hr\\\/wp-content\\\/uploads\\\/2018\\\/02\\\/zivogosce.png\",\"contentUrl\":\"https:\\\/\\\/www.zivogosce.hr\\\/wp-content\\\/uploads\\\/2018\\\/02\\\/zivogosce.png\",\"width\":159,\"height\":72,\"caption\":\"Turisti\u010dka zajednica mjesta \u017divogo\u0161\u0107e\"},\"image\":{\"@id\":\"https:\\\/\\\/www.zivogosce.hr\\\/#\\\/schema\\\/logo\\\/image\\\/\"},\"sameAs\":[\"https:\\\/\\\/www.facebook.com\\\/zivogosce\\\/\"]}]}<\/script>\n<!-- \/ Yoast SEO plugin. -->","yoast_head_json":{"title":"SARS COV2 TESTING NZJZ SPLIT-DALMATIA COUNTY - \u017divogo\u0161\u0107e","description":"COVID 19 TESTING in MakarskaAddress: Ulica Stjepana Ivi\u010devi\u0107a 2 western parking lot of the Makarska Health Centre \u201cDomzdravlja Makarska\u201d)","robots":{"index":"index","follow":"follow","max-snippet":"max-snippet:-1","max-image-preview":"max-image-preview:large","max-video-preview":"max-video-preview:-1"},"canonical":"https:\/\/www.zivogosce.hr\/fr\/sars-cov2-testiranje-nzjz-splitsko-dalmatinske-zupanije\/","og_locale":"fr_FR","og_type":"article","og_title":"SARS COV2 TESTING NZJZ SPLIT-DALMATIA COUNTY - \u017divogo\u0161\u0107e","og_description":"COVID 19 TESTING in MakarskaAddress: Ulica Stjepana Ivi\u010devi\u0107a 2 western parking lot of the Makarska Health Centre \u201cDomzdravlja Makarska\u201d)","og_url":"https:\/\/www.zivogosce.hr\/fr\/sars-cov2-testiranje-nzjz-splitsko-dalmatinske-zupanije\/","og_site_name":"\u017divogo\u0161\u0107e","article_publisher":"https:\/\/www.facebook.com\/zivogosce\/","article_modified_time":"2024-06-06T11:40:36+00:00","twitter_card":"summary_large_image","twitter_misc":{"Dur\u00e9e de lecture estim\u00e9e":"1 minute"},"schema":{"@context":"https:\/\/schema.org","@graph":[{"@type":"WebPage","@id":"https:\/\/www.zivogosce.hr\/fr\/sars-cov2-testiranje-nzjz-splitsko-dalmatinske-zupanije\/","url":"https:\/\/www.zivogosce.hr\/fr\/sars-cov2-testiranje-nzjz-splitsko-dalmatinske-zupanije\/","name":"SARS COV2 TESTING NZJZ SPLIT-DALMATIA COUNTY - \u017divogo\u0161\u0107e","isPartOf":{"@id":"https:\/\/www.zivogosce.hr\/#website"},"datePublished":"2021-06-21T09:34:08+00:00","dateModified":"2024-06-06T11:40:36+00:00","description":"COVID 19 TESTING in MakarskaAddress: Ulica Stjepana Ivi\u010devi\u0107a 2 western parking lot of the Makarska Health Centre \u201cDomzdravlja Makarska\u201d)","breadcrumb":{"@id":"https:\/\/www.zivogosce.hr\/fr\/sars-cov2-testiranje-nzjz-splitsko-dalmatinske-zupanije\/#breadcrumb"},"inLanguage":"fr-FR","potentialAction":[{"@type":"ReadAction","target":["https:\/\/www.zivogosce.hr\/fr\/sars-cov2-testiranje-nzjz-splitsko-dalmatinske-zupanije\/"]}]},{"@type":"BreadcrumbList","@id":"https:\/\/www.zivogosce.hr\/fr\/sars-cov2-testiranje-nzjz-splitsko-dalmatinske-zupanije\/#breadcrumb","itemListElement":[{"@type":"ListItem","position":1,"name":"Home","item":"https:\/\/www.zivogosce.hr\/fr\/"},{"@type":"ListItem","position":2,"name":"SARS COV2 TESTING NZJZ SPLIT-DALMATIA COUNTY"}]},{"@type":"WebSite","@id":"https:\/\/www.zivogosce.hr\/#website","url":"https:\/\/www.zivogosce.hr\/","name":"\u017divogo\u0161\u0107e","description":"Tourist Board","publisher":{"@id":"https:\/\/www.zivogosce.hr\/#organization"},"potentialAction":[{"@type":"SearchAction","target":{"@type":"EntryPoint","urlTemplate":"https:\/\/www.zivogosce.hr\/?s={search_term_string}"},"query-input":{"@type":"PropertyValueSpecification","valueRequired":true,"valueName":"search_term_string"}}],"inLanguage":"fr-FR"},{"@type":"Organization","@id":"https:\/\/www.zivogosce.hr\/#organization","name":"Turisti\u010dka zajednica mjesta \u017divogo\u0161\u0107e","url":"https:\/\/www.zivogosce.hr\/","logo":{"@type":"ImageObject","inLanguage":"fr-FR","@id":"https:\/\/www.zivogosce.hr\/#\/schema\/logo\/image\/","url":"https:\/\/www.zivogosce.hr\/wp-content\/uploads\/2018\/02\/zivogosce.png","contentUrl":"https:\/\/www.zivogosce.hr\/wp-content\/uploads\/2018\/02\/zivogosce.png","width":159,"height":72,"caption":"Turisti\u010dka zajednica mjesta \u017divogo\u0161\u0107e"},"image":{"@id":"https:\/\/www.zivogosce.hr\/#\/schema\/logo\/image\/"},"sameAs":["https:\/\/www.facebook.com\/zivogosce\/"]}]}},"_links":{"self":[{"href":"https:\/\/www.zivogosce.hr\/fr\/wp-json\/wp\/v2\/pages\/3499","targetHints":{"allow":["GET"]}}],"collection":[{"href":"https:\/\/www.zivogosce.hr\/fr\/wp-json\/wp\/v2\/pages"}],"about":[{"href":"https:\/\/www.zivogosce.hr\/fr\/wp-json\/wp\/v2\/types\/page"}],"author":[{"embeddable":true,"href":"https:\/\/www.zivogosce.hr\/fr\/wp-json\/wp\/v2\/users\/1"}],"replies":[{"embeddable":true,"href":"https:\/\/www.zivogosce.hr\/fr\/wp-json\/wp\/v2\/comments?post=3499"}],"version-history":[{"count":2,"href":"https:\/\/www.zivogosce.hr\/fr\/wp-json\/wp\/v2\/pages\/3499\/revisions"}],"predecessor-version":[{"id":3509,"href":"https:\/\/www.zivogosce.hr\/fr\/wp-json\/wp\/v2\/pages\/3499\/revisions\/3509"}],"wp:attachment":[{"href":"https:\/\/www.zivogosce.hr\/fr\/wp-json\/wp\/v2\/media?parent=3499"}],"curies":[{"name":"wp","href":"https:\/\/api.w.org\/{rel}","templated":true}]}}