{"id":2284,"date":"2016-08-08T10:59:48","date_gmt":"2016-08-08T10:59:48","guid":{"rendered":"http:\/\/www.zivogosce.hr\/recreation\/?lang=fr"},"modified":"2024-06-06T11:32:21","modified_gmt":"2024-06-06T11:32:21","slug":"recreation","status":"publish","type":"page","link":"https:\/\/www.zivogosce.hr\/fr\/recreation\/","title":{"rendered":"R\u00e9cr\u00e9ation"},"content":{"rendered":"<div class=\"wpb-content-wrapper\"><p>[vc_row][vc_column][vc_column_text]Il ya beaucoup de possibilit\u00e9s pour le sport et les loisirs, gr\u00e2ce \u00e0 un des endroits de situation idyllique le long de la c\u00f4te, au pied de la montagne Biokovo.<\/p>\n<p>Avec une gamme d&rsquo;\u00e9quipements sur le terrain de sports comme le tennis et le bowling, il ya des pistes cyclables et de randonn\u00e9e et un populaire des sports nautiques.<\/p>\n<p>Les amateurs de promenades romantiques choisiront promenade dans les environs de Podgora, tandis que les aventuriers choisissent le parc naturel Biokovo avec ses sentiers didactiques.<\/p>\n<p>Il ya aussi deux petits ports pour les yachts et les bateaux.[\/vc_column_text][\/vc_column][\/vc_row]<\/p>\n<\/div>","protected":false},"excerpt":{"rendered":"<p>[vc_row][vc_column][vc_column_text]Il ya beaucoup de possibilit\u00e9s pour le sport et les loisirs, gr\u00e2ce \u00e0 un des endroits de situation idyllique le long de la c\u00f4te, au pied de la montagne Biokovo. Avec une gamme d&rsquo;\u00e9quipements sur le terrain de sports comme le tennis et le bowling, il ya des pistes cyclables et de randonn\u00e9e et un [&hellip;]<\/p>\n","protected":false},"author":1,"featured_media":0,"parent":0,"menu_order":0,"comment_status":"closed","ping_status":"closed","template":"","meta":{"footnotes":""},"class_list":["post-2284","page","type-page","status-publish","hentry"],"yoast_head":"<!-- This site is optimized with the Yoast SEO plugin v27.3 - https:\/\/yoast.com\/product\/yoast-seo-wordpress\/ -->\n<title>R\u00e9cr\u00e9ation - \u017divogo\u0161\u0107e<\/title>\n<meta name=\"description\" content=\"Il ya beaucoup de possibilit\u00e9s pour le sport et les loisirs, gr\u00e2ce \u00e0 un des endroits de situation idyllique le long de la c\u00f4te, au pied de la montagne Biokovo. Avec une gamme d\u2019\u00e9quipements sur le terrain de sports comme le tennis et le bowling, il ya des pistes cyclables et de randonn\u00e9e et un populaire des sports nautiques.\" \/>\n<meta name=\"robots\" content=\"index, follow, max-snippet:-1, max-image-preview:large, max-video-preview:-1\" \/>\n<link rel=\"canonical\" href=\"https:\/\/www.zivogosce.hr\/fr\/recreation\/\" \/>\n<meta property=\"og:locale\" content=\"fr_FR\" \/>\n<meta property=\"og:type\" content=\"article\" \/>\n<meta property=\"og:title\" content=\"R\u00e9cr\u00e9ation - \u017divogo\u0161\u0107e\" \/>\n<meta property=\"og:description\" content=\"Il ya beaucoup de possibilit\u00e9s pour le sport et les loisirs, gr\u00e2ce \u00e0 un des endroits de situation idyllique le long de la c\u00f4te, au pied de la montagne Biokovo. Avec une gamme d\u2019\u00e9quipements sur le terrain de sports comme le tennis et le bowling, il ya des pistes cyclables et de randonn\u00e9e et un populaire des sports nautiques.\" \/>\n<meta property=\"og:url\" content=\"https:\/\/www.zivogosce.hr\/fr\/recreation\/\" \/>\n<meta property=\"og:site_name\" content=\"\u017divogo\u0161\u0107e\" \/>\n<meta property=\"article:publisher\" content=\"https:\/\/www.facebook.com\/zivogosce\/\" \/>\n<meta property=\"article:modified_time\" content=\"2024-06-06T11:32:21+00:00\" \/>\n<meta name=\"twitter:card\" content=\"summary_large_image\" \/>\n<meta name=\"twitter:label1\" content=\"Dur\u00e9e de lecture estim\u00e9e\" \/>\n\t<meta name=\"twitter:data1\" content=\"1 minute\" \/>\n<script type=\"application\/ld+json\" class=\"yoast-schema-graph\">{\"@context\":\"https:\\\/\\\/schema.org\",\"@graph\":[{\"@type\":\"WebPage\",\"@id\":\"https:\\\/\\\/www.zivogosce.hr\\\/fr\\\/recreation\\\/\",\"url\":\"https:\\\/\\\/www.zivogosce.hr\\\/fr\\\/recreation\\\/\",\"name\":\"R\u00e9cr\u00e9ation - \u017divogo\u0161\u0107e\",\"isPartOf\":{\"@id\":\"https:\\\/\\\/www.zivogosce.hr\\\/#website\"},\"datePublished\":\"2016-08-08T10:59:48+00:00\",\"dateModified\":\"2024-06-06T11:32:21+00:00\",\"description\":\"Il ya beaucoup de possibilit\u00e9s pour le sport et les loisirs, gr\u00e2ce \u00e0 un des endroits de situation idyllique le long de la c\u00f4te, au pied de la montagne Biokovo. Avec une gamme d\u2019\u00e9quipements sur le terrain de sports comme le tennis et le bowling, il ya des pistes cyclables et de randonn\u00e9e et un populaire des sports nautiques.\",\"breadcrumb\":{\"@id\":\"https:\\\/\\\/www.zivogosce.hr\\\/fr\\\/recreation\\\/#breadcrumb\"},\"inLanguage\":\"fr-FR\",\"potentialAction\":[{\"@type\":\"ReadAction\",\"target\":[\"https:\\\/\\\/www.zivogosce.hr\\\/fr\\\/recreation\\\/\"]}]},{\"@type\":\"BreadcrumbList\",\"@id\":\"https:\\\/\\\/www.zivogosce.hr\\\/fr\\\/recreation\\\/#breadcrumb\",\"itemListElement\":[{\"@type\":\"ListItem\",\"position\":1,\"name\":\"Home\",\"item\":\"https:\\\/\\\/www.zivogosce.hr\\\/fr\\\/\"},{\"@type\":\"ListItem\",\"position\":2,\"name\":\"R\u00e9cr\u00e9ation\"}]},{\"@type\":\"WebSite\",\"@id\":\"https:\\\/\\\/www.zivogosce.hr\\\/#website\",\"url\":\"https:\\\/\\\/www.zivogosce.hr\\\/\",\"name\":\"\u017divogo\u0161\u0107e\",\"description\":\"Tourist Board\",\"publisher\":{\"@id\":\"https:\\\/\\\/www.zivogosce.hr\\\/#organization\"},\"potentialAction\":[{\"@type\":\"SearchAction\",\"target\":{\"@type\":\"EntryPoint\",\"urlTemplate\":\"https:\\\/\\\/www.zivogosce.hr\\\/?s={search_term_string}\"},\"query-input\":{\"@type\":\"PropertyValueSpecification\",\"valueRequired\":true,\"valueName\":\"search_term_string\"}}],\"inLanguage\":\"fr-FR\"},{\"@type\":\"Organization\",\"@id\":\"https:\\\/\\\/www.zivogosce.hr\\\/#organization\",\"name\":\"Turisti\u010dka zajednica mjesta \u017divogo\u0161\u0107e\",\"url\":\"https:\\\/\\\/www.zivogosce.hr\\\/\",\"logo\":{\"@type\":\"ImageObject\",\"inLanguage\":\"fr-FR\",\"@id\":\"https:\\\/\\\/www.zivogosce.hr\\\/#\\\/schema\\\/logo\\\/image\\\/\",\"url\":\"https:\\\/\\\/www.zivogosce.hr\\\/wp-content\\\/uploads\\\/2018\\\/02\\\/zivogosce.png\",\"contentUrl\":\"https:\\\/\\\/www.zivogosce.hr\\\/wp-content\\\/uploads\\\/2018\\\/02\\\/zivogosce.png\",\"width\":159,\"height\":72,\"caption\":\"Turisti\u010dka zajednica mjesta \u017divogo\u0161\u0107e\"},\"image\":{\"@id\":\"https:\\\/\\\/www.zivogosce.hr\\\/#\\\/schema\\\/logo\\\/image\\\/\"},\"sameAs\":[\"https:\\\/\\\/www.facebook.com\\\/zivogosce\\\/\"]}]}<\/script>\n<!-- \/ Yoast SEO plugin. -->","yoast_head_json":{"title":"R\u00e9cr\u00e9ation - \u017divogo\u0161\u0107e","description":"Il ya beaucoup de possibilit\u00e9s pour le sport et les loisirs, gr\u00e2ce \u00e0 un des endroits de situation idyllique le long de la c\u00f4te, au pied de la montagne Biokovo. Avec une gamme d\u2019\u00e9quipements sur le terrain de sports comme le tennis et le bowling, il ya des pistes cyclables et de randonn\u00e9e et un populaire des sports nautiques.","robots":{"index":"index","follow":"follow","max-snippet":"max-snippet:-1","max-image-preview":"max-image-preview:large","max-video-preview":"max-video-preview:-1"},"canonical":"https:\/\/www.zivogosce.hr\/fr\/recreation\/","og_locale":"fr_FR","og_type":"article","og_title":"R\u00e9cr\u00e9ation - \u017divogo\u0161\u0107e","og_description":"Il ya beaucoup de possibilit\u00e9s pour le sport et les loisirs, gr\u00e2ce \u00e0 un des endroits de situation idyllique le long de la c\u00f4te, au pied de la montagne Biokovo. Avec une gamme d\u2019\u00e9quipements sur le terrain de sports comme le tennis et le bowling, il ya des pistes cyclables et de randonn\u00e9e et un populaire des sports nautiques.","og_url":"https:\/\/www.zivogosce.hr\/fr\/recreation\/","og_site_name":"\u017divogo\u0161\u0107e","article_publisher":"https:\/\/www.facebook.com\/zivogosce\/","article_modified_time":"2024-06-06T11:32:21+00:00","twitter_card":"summary_large_image","twitter_misc":{"Dur\u00e9e de lecture estim\u00e9e":"1 minute"},"schema":{"@context":"https:\/\/schema.org","@graph":[{"@type":"WebPage","@id":"https:\/\/www.zivogosce.hr\/fr\/recreation\/","url":"https:\/\/www.zivogosce.hr\/fr\/recreation\/","name":"R\u00e9cr\u00e9ation - \u017divogo\u0161\u0107e","isPartOf":{"@id":"https:\/\/www.zivogosce.hr\/#website"},"datePublished":"2016-08-08T10:59:48+00:00","dateModified":"2024-06-06T11:32:21+00:00","description":"Il ya beaucoup de possibilit\u00e9s pour le sport et les loisirs, gr\u00e2ce \u00e0 un des endroits de situation idyllique le long de la c\u00f4te, au pied de la montagne Biokovo. Avec une gamme d\u2019\u00e9quipements sur le terrain de sports comme le tennis et le bowling, il ya des pistes cyclables et de randonn\u00e9e et un populaire des sports nautiques.","breadcrumb":{"@id":"https:\/\/www.zivogosce.hr\/fr\/recreation\/#breadcrumb"},"inLanguage":"fr-FR","potentialAction":[{"@type":"ReadAction","target":["https:\/\/www.zivogosce.hr\/fr\/recreation\/"]}]},{"@type":"BreadcrumbList","@id":"https:\/\/www.zivogosce.hr\/fr\/recreation\/#breadcrumb","itemListElement":[{"@type":"ListItem","position":1,"name":"Home","item":"https:\/\/www.zivogosce.hr\/fr\/"},{"@type":"ListItem","position":2,"name":"R\u00e9cr\u00e9ation"}]},{"@type":"WebSite","@id":"https:\/\/www.zivogosce.hr\/#website","url":"https:\/\/www.zivogosce.hr\/","name":"\u017divogo\u0161\u0107e","description":"Tourist Board","publisher":{"@id":"https:\/\/www.zivogosce.hr\/#organization"},"potentialAction":[{"@type":"SearchAction","target":{"@type":"EntryPoint","urlTemplate":"https:\/\/www.zivogosce.hr\/?s={search_term_string}"},"query-input":{"@type":"PropertyValueSpecification","valueRequired":true,"valueName":"search_term_string"}}],"inLanguage":"fr-FR"},{"@type":"Organization","@id":"https:\/\/www.zivogosce.hr\/#organization","name":"Turisti\u010dka zajednica mjesta \u017divogo\u0161\u0107e","url":"https:\/\/www.zivogosce.hr\/","logo":{"@type":"ImageObject","inLanguage":"fr-FR","@id":"https:\/\/www.zivogosce.hr\/#\/schema\/logo\/image\/","url":"https:\/\/www.zivogosce.hr\/wp-content\/uploads\/2018\/02\/zivogosce.png","contentUrl":"https:\/\/www.zivogosce.hr\/wp-content\/uploads\/2018\/02\/zivogosce.png","width":159,"height":72,"caption":"Turisti\u010dka zajednica mjesta \u017divogo\u0161\u0107e"},"image":{"@id":"https:\/\/www.zivogosce.hr\/#\/schema\/logo\/image\/"},"sameAs":["https:\/\/www.facebook.com\/zivogosce\/"]}]}},"_links":{"self":[{"href":"https:\/\/www.zivogosce.hr\/fr\/wp-json\/wp\/v2\/pages\/2284","targetHints":{"allow":["GET"]}}],"collection":[{"href":"https:\/\/www.zivogosce.hr\/fr\/wp-json\/wp\/v2\/pages"}],"about":[{"href":"https:\/\/www.zivogosce.hr\/fr\/wp-json\/wp\/v2\/types\/page"}],"author":[{"embeddable":true,"href":"https:\/\/www.zivogosce.hr\/fr\/wp-json\/wp\/v2\/users\/1"}],"replies":[{"embeddable":true,"href":"https:\/\/www.zivogosce.hr\/fr\/wp-json\/wp\/v2\/comments?post=2284"}],"version-history":[{"count":1,"href":"https:\/\/www.zivogosce.hr\/fr\/wp-json\/wp\/v2\/pages\/2284\/revisions"}],"predecessor-version":[{"id":2288,"href":"https:\/\/www.zivogosce.hr\/fr\/wp-json\/wp\/v2\/pages\/2284\/revisions\/2288"}],"wp:attachment":[{"href":"https:\/\/www.zivogosce.hr\/fr\/wp-json\/wp\/v2\/media?parent=2284"}],"curies":[{"name":"wp","href":"https:\/\/api.w.org\/{rel}","templated":true}]}}