{"id":3441,"date":"2021-05-28T11:14:07","date_gmt":"2021-05-28T11:14:07","guid":{"rendered":"https:\/\/www.zivogosce.hr\/testiranje\/"},"modified":"2024-06-06T11:38:47","modified_gmt":"2024-06-06T11:38:47","slug":"sars-cov2-testing-makarska","status":"publish","type":"page","link":"https:\/\/www.zivogosce.hr\/de\/sars-cov2-testing-makarska\/","title":{"rendered":"SARS COV2 TESTING \u2013 BRANCH OFFICE MAKARSKA"},"content":{"rendered":"<div class=\"wpb-content-wrapper\"><p>[vc_row][vc_column][vc_column_text]HEALTH CENTER OF SPLIT-DALMATIA COUNTY \u2013 BRANCH OFFICE MAKARSKA STJEPANA IVI\u010cEVI\u0106A 1, MAKARSKA<\/p>\n<p>Testing can be done in the Health Center, and a mobile team is also formed that comes to the accommodation unit where the guest is staying in Makarska, and all municipalities on the Makarska Riviera \u2013 Brela, Ba\u0161ka Voda, Tu\u010depi, Podgora Gradac.<\/p>\n<p>They are available from Monday through Friday from 2:00 pm to 8:00 pm, and on Saturdays and Sundays they go out on the field throughout the day from 8:30 am.<\/p>\n<p>The fast Siemens antigen test has all EU certificates, is ready in 15 minutes and is valid for 48 hours.<\/p>\n<p>PRICE LIST:<\/p>\n<p>Testing in in the Health Center \u2013 HRK 200<br \/>\nField testing (in situ), 1-4 persons \u2013 HRK 300 \/per person<br \/>\nField testing, 4-10 persons \u2013 HRK 240 \/ per person<br \/>\nField testing, more than 10 persons \u2013 HRK 200 \/ per person<\/p>\n<p>You can register for testing at: <a href=\"tel:+385 99 5433532\">+385 99 543 3532<\/a>[\/vc_column_text][\/vc_column][\/vc_row]<\/p>\n<\/div>","protected":false},"excerpt":{"rendered":"<p>[vc_row][vc_column][vc_column_text]HEALTH CENTER OF SPLIT-DALMATIA COUNTY \u2013 BRANCH OFFICE MAKARSKA STJEPANA IVI\u010cEVI\u0106A 1, MAKARSKA Testing can be done in the Health Center, and a mobile team is also formed that comes to the accommodation unit where the guest is staying in Makarska, and all municipalities on the Makarska Riviera \u2013 Brela, Ba\u0161ka Voda, Tu\u010depi, Podgora Gradac. [&hellip;]<\/p>\n","protected":false},"author":1,"featured_media":0,"parent":0,"menu_order":0,"comment_status":"closed","ping_status":"closed","template":"","meta":{"footnotes":""},"class_list":["post-3441","page","type-page","status-publish","hentry"],"yoast_head":"<!-- This site is optimized with the Yoast SEO plugin v27.3 - https:\/\/yoast.com\/product\/yoast-seo-wordpress\/ -->\n<title>SARS COV2 TESTING \u2013 BRANCH OFFICE MAKARSKA - \u017divogo\u0161\u0107e<\/title>\n<meta name=\"description\" content=\"Testing can be done in the Health Center, and a mobile team is also formed that comes to the accommodation unit where the guest is staying in Makarska, and all municipalities on the Makarska Riviera \u2013 Brela, Ba\u0161ka Voda, Tu\u010depi, Podgora Gradac.\" \/>\n<meta name=\"robots\" content=\"index, follow, max-snippet:-1, max-image-preview:large, max-video-preview:-1\" \/>\n<link rel=\"canonical\" href=\"https:\/\/www.zivogosce.hr\/de\/sars-cov2-testing-makarska\/\" \/>\n<meta property=\"og:locale\" content=\"de_DE\" \/>\n<meta property=\"og:type\" content=\"article\" \/>\n<meta property=\"og:title\" content=\"SARS COV2 TESTING \u2013 BRANCH OFFICE MAKARSKA - \u017divogo\u0161\u0107e\" \/>\n<meta property=\"og:description\" content=\"Testing can be done in the Health Center, and a mobile team is also formed that comes to the accommodation unit where the guest is staying in Makarska, and all municipalities on the Makarska Riviera \u2013 Brela, Ba\u0161ka Voda, Tu\u010depi, Podgora Gradac.\" \/>\n<meta property=\"og:url\" content=\"https:\/\/www.zivogosce.hr\/de\/sars-cov2-testing-makarska\/\" \/>\n<meta property=\"og:site_name\" content=\"\u017divogo\u0161\u0107e\" \/>\n<meta property=\"article:publisher\" content=\"https:\/\/www.facebook.com\/zivogosce\/\" \/>\n<meta property=\"article:modified_time\" content=\"2024-06-06T11:38:47+00:00\" \/>\n<meta name=\"twitter:card\" content=\"summary_large_image\" \/>\n<meta name=\"twitter:label1\" content=\"Gesch\u00e4tzte Lesezeit\" \/>\n\t<meta name=\"twitter:data1\" content=\"1\u00a0Minute\" \/>\n<script type=\"application\/ld+json\" class=\"yoast-schema-graph\">{\"@context\":\"https:\\\/\\\/schema.org\",\"@graph\":[{\"@type\":\"WebPage\",\"@id\":\"https:\\\/\\\/www.zivogosce.hr\\\/de\\\/sars-cov2-testing-makarska\\\/\",\"url\":\"https:\\\/\\\/www.zivogosce.hr\\\/de\\\/sars-cov2-testing-makarska\\\/\",\"name\":\"SARS COV2 TESTING \u2013 BRANCH OFFICE MAKARSKA - \u017divogo\u0161\u0107e\",\"isPartOf\":{\"@id\":\"https:\\\/\\\/www.zivogosce.hr\\\/#website\"},\"datePublished\":\"2021-05-28T11:14:07+00:00\",\"dateModified\":\"2024-06-06T11:38:47+00:00\",\"description\":\"Testing can be done in the Health Center, and a mobile team is also formed that comes to the accommodation unit where the guest is staying in Makarska, and all municipalities on the Makarska Riviera \u2013 Brela, Ba\u0161ka Voda, Tu\u010depi, Podgora Gradac.\",\"breadcrumb\":{\"@id\":\"https:\\\/\\\/www.zivogosce.hr\\\/de\\\/sars-cov2-testing-makarska\\\/#breadcrumb\"},\"inLanguage\":\"de\",\"potentialAction\":[{\"@type\":\"ReadAction\",\"target\":[\"https:\\\/\\\/www.zivogosce.hr\\\/de\\\/sars-cov2-testing-makarska\\\/\"]}]},{\"@type\":\"BreadcrumbList\",\"@id\":\"https:\\\/\\\/www.zivogosce.hr\\\/de\\\/sars-cov2-testing-makarska\\\/#breadcrumb\",\"itemListElement\":[{\"@type\":\"ListItem\",\"position\":1,\"name\":\"Home\",\"item\":\"https:\\\/\\\/www.zivogosce.hr\\\/de\\\/\"},{\"@type\":\"ListItem\",\"position\":2,\"name\":\"SARS COV2 TESTING \u2013 BRANCH OFFICE MAKARSKA\"}]},{\"@type\":\"WebSite\",\"@id\":\"https:\\\/\\\/www.zivogosce.hr\\\/#website\",\"url\":\"https:\\\/\\\/www.zivogosce.hr\\\/\",\"name\":\"\u017divogo\u0161\u0107e\",\"description\":\"Tourist Board\",\"publisher\":{\"@id\":\"https:\\\/\\\/www.zivogosce.hr\\\/#organization\"},\"potentialAction\":[{\"@type\":\"SearchAction\",\"target\":{\"@type\":\"EntryPoint\",\"urlTemplate\":\"https:\\\/\\\/www.zivogosce.hr\\\/?s={search_term_string}\"},\"query-input\":{\"@type\":\"PropertyValueSpecification\",\"valueRequired\":true,\"valueName\":\"search_term_string\"}}],\"inLanguage\":\"de\"},{\"@type\":\"Organization\",\"@id\":\"https:\\\/\\\/www.zivogosce.hr\\\/#organization\",\"name\":\"Turisti\u010dka zajednica mjesta \u017divogo\u0161\u0107e\",\"url\":\"https:\\\/\\\/www.zivogosce.hr\\\/\",\"logo\":{\"@type\":\"ImageObject\",\"inLanguage\":\"de\",\"@id\":\"https:\\\/\\\/www.zivogosce.hr\\\/#\\\/schema\\\/logo\\\/image\\\/\",\"url\":\"https:\\\/\\\/www.zivogosce.hr\\\/wp-content\\\/uploads\\\/2018\\\/02\\\/zivogosce.png\",\"contentUrl\":\"https:\\\/\\\/www.zivogosce.hr\\\/wp-content\\\/uploads\\\/2018\\\/02\\\/zivogosce.png\",\"width\":159,\"height\":72,\"caption\":\"Turisti\u010dka zajednica mjesta \u017divogo\u0161\u0107e\"},\"image\":{\"@id\":\"https:\\\/\\\/www.zivogosce.hr\\\/#\\\/schema\\\/logo\\\/image\\\/\"},\"sameAs\":[\"https:\\\/\\\/www.facebook.com\\\/zivogosce\\\/\"]}]}<\/script>\n<!-- \/ Yoast SEO plugin. -->","yoast_head_json":{"title":"SARS COV2 TESTING \u2013 BRANCH OFFICE MAKARSKA - \u017divogo\u0161\u0107e","description":"Testing can be done in the Health Center, and a mobile team is also formed that comes to the accommodation unit where the guest is staying in Makarska, and all municipalities on the Makarska Riviera \u2013 Brela, Ba\u0161ka Voda, Tu\u010depi, Podgora Gradac.","robots":{"index":"index","follow":"follow","max-snippet":"max-snippet:-1","max-image-preview":"max-image-preview:large","max-video-preview":"max-video-preview:-1"},"canonical":"https:\/\/www.zivogosce.hr\/de\/sars-cov2-testing-makarska\/","og_locale":"de_DE","og_type":"article","og_title":"SARS COV2 TESTING \u2013 BRANCH OFFICE MAKARSKA - \u017divogo\u0161\u0107e","og_description":"Testing can be done in the Health Center, and a mobile team is also formed that comes to the accommodation unit where the guest is staying in Makarska, and all municipalities on the Makarska Riviera \u2013 Brela, Ba\u0161ka Voda, Tu\u010depi, Podgora Gradac.","og_url":"https:\/\/www.zivogosce.hr\/de\/sars-cov2-testing-makarska\/","og_site_name":"\u017divogo\u0161\u0107e","article_publisher":"https:\/\/www.facebook.com\/zivogosce\/","article_modified_time":"2024-06-06T11:38:47+00:00","twitter_card":"summary_large_image","twitter_misc":{"Gesch\u00e4tzte Lesezeit":"1\u00a0Minute"},"schema":{"@context":"https:\/\/schema.org","@graph":[{"@type":"WebPage","@id":"https:\/\/www.zivogosce.hr\/de\/sars-cov2-testing-makarska\/","url":"https:\/\/www.zivogosce.hr\/de\/sars-cov2-testing-makarska\/","name":"SARS COV2 TESTING \u2013 BRANCH OFFICE MAKARSKA - \u017divogo\u0161\u0107e","isPartOf":{"@id":"https:\/\/www.zivogosce.hr\/#website"},"datePublished":"2021-05-28T11:14:07+00:00","dateModified":"2024-06-06T11:38:47+00:00","description":"Testing can be done in the Health Center, and a mobile team is also formed that comes to the accommodation unit where the guest is staying in Makarska, and all municipalities on the Makarska Riviera \u2013 Brela, Ba\u0161ka Voda, Tu\u010depi, Podgora Gradac.","breadcrumb":{"@id":"https:\/\/www.zivogosce.hr\/de\/sars-cov2-testing-makarska\/#breadcrumb"},"inLanguage":"de","potentialAction":[{"@type":"ReadAction","target":["https:\/\/www.zivogosce.hr\/de\/sars-cov2-testing-makarska\/"]}]},{"@type":"BreadcrumbList","@id":"https:\/\/www.zivogosce.hr\/de\/sars-cov2-testing-makarska\/#breadcrumb","itemListElement":[{"@type":"ListItem","position":1,"name":"Home","item":"https:\/\/www.zivogosce.hr\/de\/"},{"@type":"ListItem","position":2,"name":"SARS COV2 TESTING \u2013 BRANCH OFFICE MAKARSKA"}]},{"@type":"WebSite","@id":"https:\/\/www.zivogosce.hr\/#website","url":"https:\/\/www.zivogosce.hr\/","name":"\u017divogo\u0161\u0107e","description":"Tourist Board","publisher":{"@id":"https:\/\/www.zivogosce.hr\/#organization"},"potentialAction":[{"@type":"SearchAction","target":{"@type":"EntryPoint","urlTemplate":"https:\/\/www.zivogosce.hr\/?s={search_term_string}"},"query-input":{"@type":"PropertyValueSpecification","valueRequired":true,"valueName":"search_term_string"}}],"inLanguage":"de"},{"@type":"Organization","@id":"https:\/\/www.zivogosce.hr\/#organization","name":"Turisti\u010dka zajednica mjesta \u017divogo\u0161\u0107e","url":"https:\/\/www.zivogosce.hr\/","logo":{"@type":"ImageObject","inLanguage":"de","@id":"https:\/\/www.zivogosce.hr\/#\/schema\/logo\/image\/","url":"https:\/\/www.zivogosce.hr\/wp-content\/uploads\/2018\/02\/zivogosce.png","contentUrl":"https:\/\/www.zivogosce.hr\/wp-content\/uploads\/2018\/02\/zivogosce.png","width":159,"height":72,"caption":"Turisti\u010dka zajednica mjesta \u017divogo\u0161\u0107e"},"image":{"@id":"https:\/\/www.zivogosce.hr\/#\/schema\/logo\/image\/"},"sameAs":["https:\/\/www.facebook.com\/zivogosce\/"]}]}},"_links":{"self":[{"href":"https:\/\/www.zivogosce.hr\/de\/wp-json\/wp\/v2\/pages\/3441","targetHints":{"allow":["GET"]}}],"collection":[{"href":"https:\/\/www.zivogosce.hr\/de\/wp-json\/wp\/v2\/pages"}],"about":[{"href":"https:\/\/www.zivogosce.hr\/de\/wp-json\/wp\/v2\/types\/page"}],"author":[{"embeddable":true,"href":"https:\/\/www.zivogosce.hr\/de\/wp-json\/wp\/v2\/users\/1"}],"replies":[{"embeddable":true,"href":"https:\/\/www.zivogosce.hr\/de\/wp-json\/wp\/v2\/comments?post=3441"}],"version-history":[{"count":4,"href":"https:\/\/www.zivogosce.hr\/de\/wp-json\/wp\/v2\/pages\/3441\/revisions"}],"predecessor-version":[{"id":3533,"href":"https:\/\/www.zivogosce.hr\/de\/wp-json\/wp\/v2\/pages\/3441\/revisions\/3533"}],"wp:attachment":[{"href":"https:\/\/www.zivogosce.hr\/de\/wp-json\/wp\/v2\/media?parent=3441"}],"curies":[{"name":"wp","href":"https:\/\/api.w.org\/{rel}","templated":true}]}}