{"id":2475,"date":"2016-09-02T11:41:06","date_gmt":"2016-09-02T11:41:06","guid":{"rendered":"http:\/\/www.zivogosce.hr\/documents\/?lang=de"},"modified":"2026-04-15T10:38:19","modified_gmt":"2026-04-15T10:38:19","slug":"documents","status":"publish","type":"page","link":"https:\/\/www.zivogosce.hr\/de\/documents\/","title":{"rendered":"Unterlagen"},"content":{"rendered":"<div class=\"wpb-content-wrapper\"><p>[vc_row][vc_column][vc_column_text css=&#8220;&#8220;]<a href=\"https:\/\/www.zivogosce.hr\/wp-content\/uploads\/2025\/01\/Statut-Turisticke-zajednice-mjesta-Zivogosce-.pdf\" target=\"_blank\" rel=\"noopener\">Statut Turisti\u010dke zajednice mjesta \u017divogo\u0161\u0107e<\/a><\/p>\n<p><a href=\"https:\/\/www.zivogosce.hr\/wp-content\/uploads\/2017\/01\/PROGRAM-RADA-i-FINANCIJSKI-PLAN-2017.doc\" target=\"_blank\" rel=\"noopener\">Work programme and Financial plan 2017 (.doc)<\/a><\/p>\n<p><a href=\"https:\/\/www.zivogosce.hr\/wp-content\/uploads\/2017\/01\/FP-2017.zip\" target=\"_blank\" rel=\"noopener\">Financial plan 2017 (.xlsx zipped)<\/a><\/p>\n<p><a href=\"https:\/\/www.zivogosce.hr\/wp-content\/uploads\/2017\/01\/TZMZ_IB_FIN_PREGLED.pdf\" target=\"_blank\" rel=\"noopener\">\u017divogo\u0161\u0107e brochure (.pdf)<\/a><\/p>\n<p><a href=\"https:\/\/www.zivogosce.hr\/wp-content\/uploads\/2021\/03\/Javni-natjecaj.pdf\" target=\"_blank\" rel=\"noopener\">Javni natje\u010daj za izbor i imenovanje direktora\/ice TZM \u017divogo\u0161\u0107e (.pdf)<\/a><\/p>\n<p><a href=\"https:\/\/www.zivogosce.hr\/wp-content\/uploads\/2021\/03\/Godisnji-program-rada-2021-godina.pdf\" target=\"_blank\" rel=\"noopener\">Godi\u0161nji program rada 2021 godina (.pdf)<\/a><\/p>\n<p><a href=\"https:\/\/www.zivogosce.hr\/wp-content\/uploads\/2021\/12\/Izmjene-i-dopune-Godisnjeg-programa-rada-i-financijskog-plana-TZM-Zivogosce-2021.pdf\">Izmjene i dopune Godi\u0161njeg programa rada i financijskog plana TZM \u017divogo\u0161\u0107e 2021<\/a><\/p>\n<p><a href=\"https:\/\/www.zivogosce.hr\/wp-content\/uploads\/2021\/12\/Godisnji-program-rada-i-fin-plan-za-2022-god.pdf\">Godi\u0161nji program rada i fin plan za 2022 god<\/a><\/p>\n<p><a href=\"https:\/\/www.zivogosce.hr\/wp-content\/uploads\/2023\/04\/IZVJESCE-O-IZVRSENJU-GODISNJEG-PROGRAMA-RADA-S-FINANCIJSKIM-IZVJESTAJEM-ZA-2022-12-2.pdf\">Izvje\u0161\u0107e o izvr\u0161enju godi\u0161njeg programa rada s financijskim izvje\u0161tajem za 2022.<\/a><\/p>\n<p><a href=\"https:\/\/www.zivogosce.hr\/wp-content\/uploads\/2023\/04\/Zakljucak-i-misljenje-o-provedenom-nadzoru-poslovanja-TZM-Zivogosce-za-2022-godinu.pdf\">Zaklju\u010dak i mi\u0161ljenje o provedenom nadzoru poslovanja TZM \u017divogo\u0161\u0107e za 2022 godinu<\/a><\/p>\n<p><a href=\"https:\/\/www.zivogosce.hr\/wp-content\/uploads\/2024\/01\/Izmjene-i-dopune-Godisnjeg-programa-rada-i-financijskog-plana-TZM-Zivogosce-za-2023.-godinu.pdf\">Izmjene i dopune Godi\u0161njeg programa rada i financijskog plana TZM \u017divogo\u0161\u0107e za 2023. godinu<\/a><\/p>\n<p><a href=\"https:\/\/www.zivogosce.hr\/wp-content\/uploads\/2024\/01\/Godisnji-programa-rada-i-financijski-plan-TZM-Zivgogosce-za-2024-godinu.pdf\">Godi\u0161nji programa rada i financijski plan TZM \u017divogo\u0161\u0107e za 2024. godinu<\/a><\/p>\n<p><a href=\"https:\/\/www.zivogosce.hr\/wp-content\/uploads\/2024\/04\/IZVJESCE-O-IZVRSENJU-GODISNJEG-PROGRAMA-RADA-S-FINANCIJSKIM-IZVJESTAJEM-ZA-2023-2.doc\"><span style=\"font-weight: 400;\">Izvje\u0161\u0107e o izvr\u0161enju godi\u0161njeg programa rada s financijskim izvje\u0161tajem za 2023. godinu<\/span><\/a><\/p>\n<p><a href=\"https:\/\/www.zivogosce.hr\/wp-content\/uploads\/2024\/04\/Zakljucak-i-misljenje-o-provedenom-nadzoru-poslovanja-TZM-Zivogosce-za-2023-godinu-2.doc\">Zaklju\u010dak i mi\u0161ljenje o provedenom nadzoru poslovanja TZM \u017divogo\u0161\u0107e za 2023. godinu<\/a><\/p>\n<p><a href=\"https:\/\/www.zivogosce.hr\/wp-content\/uploads\/2025\/01\/Izmjene-i-dopune-Godisnjeg-programa-rada-i-financijskog-plana-TZM-Zivogosce-za-2024.-godinu.pdf\">Izmjene i dopune Godi\u0161njeg programa rada i financijskog plana TZM \u017divogo\u0161\u0107e za 2024. godinu<\/a><\/p>\n<p><a href=\"https:\/\/www.zivogosce.hr\/wp-content\/uploads\/2025\/01\/Godisnji-programa-rada-i-financijski-plan-TZM-Zivogosce-za-2025-godinu.pdf\">Godi\u0161nji program rada i financijski plan TZM \u017divogo\u0161\u0107e za 2025. godinu<\/a><\/p>\n<p><a href=\"https:\/\/www.zivogosce.hr\/wp-content\/uploads\/2025\/03\/ISPRAVAK-STATUTA-TZM-ZIVOGOSCE-20252020-novi.docx.pdf\">Ispravak StatutaTuristi\u010dke zajednice mjesta \u017divogo\u0161\u0107e<\/a><\/p>\n<p><a href=\"https:\/\/www.zivogosce.hr\/wp-content\/uploads\/2025\/03\/Poslovnik-o-radu-Turistickog-vijeca-TZM-Zivogosce.docx.pdf\">Poslovnik o radu Turisti\u010dkog vije\u0107a TZM \u017divogo\u0161\u0107e<\/a><\/p>\n<p><a href=\"https:\/\/www.zivogosce.hr\/wp-content\/uploads\/2025\/04\/Poslovnik-o-radu-Skupstine-TZM-Zivogosce.pdf\">Poslovnik o radu Skup\u0161tine TZM \u017divogo\u0161\u0107e<\/a><\/p>\n<p><a href=\"https:\/\/www.zivogosce.hr\/wp-content\/uploads\/2025\/04\/IZVJESCE-O-IZVRSENJU-GOD-PROG-RADA-S-FINANC-IZVJESTAJEM-ZA-2024.pdf\">Izvje\u0161\u0107e o izvr\u0161enju godi\u0161njeg programa rada s financijskim izvje\u0161tajem za 2024. godinu Turisti\u010dke zajednice mjesta \u017divogo\u0161\u0107e<\/a><\/p>\n<p><a href=\"https:\/\/www.zivogosce.hr\/wp-content\/uploads\/2025\/04\/Zakljucak-i-misljenje-o-provedenom-nadzoru-poslovanja-TZM-Zivogosce-za-2024-godinu.pdf\">Zaklju\u010dak i mi\u0161ljenje o provedenom nadzoru poslovanja TZM \u017divogo\u0161\u0107e za 2024. godinu<\/a><\/p>\n<p><a href=\"https:\/\/www.zivogosce.hr\/wp-content\/uploads\/2026\/01\/Izmjene-i-dopune-Godisnjeg-programa-rada-i-financijskog-plana-TZM-Zivogosce-za-2025.-godinu.doc.pdf\">Izmjene i dopune Godi\u0161njeg programa rada i financijskog plana TZM \u017divogo\u0161\u0107e za 2025. godinu<\/a><\/p>\n<p><a href=\"https:\/\/www.zivogosce.hr\/wp-content\/uploads\/2026\/01\/Godisnji-programa-rada-i-financijski-plan-TZM-Zivogosce-za-2026-godinu.doc.pdf\">Godi\u0161nji program rada i financijski plan TZM \u017divogo\u0161\u0107e za 2026. godinu<\/a><\/p>\n<p><a href=\"https:\/\/www.zivogosce.hr\/wp-content\/uploads\/2026\/04\/IZVJESCE-O-IZVRSENJU-GODISNJEG-PROGRAMA-RADA-S-FINANCIJSKIM-IZVJESTAJEM-ZA-2025.pdf\">Izvje\u0161\u0107e o izvr\u0161enju Godi\u0161njeg programa rada s financijskim izvje\u0161tajem za 2025. godinu TZM \u017divogo\u0161\u0107e<\/a><\/p>\n<p><a href=\"https:\/\/www.zivogosce.hr\/wp-content\/uploads\/2026\/04\/Zakljucak-i-misljenje-o-provedenom-nadzoru-poslovanja-TZM-Zivogosce-za-2025-godinu.pdf\">Zaklju\u010dak i mi\u0161ljenja o provedenom nadzoru poslovanja Turisti\u010dke zajednice mjesta \u017divogo\u0161\u0107e za 2025. godinu s datumom 6.travnja 2026.<\/a>[\/vc_column_text][\/vc_column][\/vc_row]<\/p>\n<\/div>","protected":false},"excerpt":{"rendered":"<p>[vc_row][vc_column][vc_column_text css=&#8220;&#8220;]Statut Turisti\u010dke zajednice mjesta \u017divogo\u0161\u0107e Work programme and Financial plan 2017 (.doc) Financial plan 2017 (.xlsx zipped) \u017divogo\u0161\u0107e brochure (.pdf) Javni natje\u010daj za izbor i imenovanje direktora\/ice TZM \u017divogo\u0161\u0107e (.pdf) Godi\u0161nji program rada 2021 godina (.pdf) Izmjene i dopune Godi\u0161njeg programa rada i financijskog plana TZM \u017divogo\u0161\u0107e 2021 Godi\u0161nji program rada i fin plan [&hellip;]<\/p>\n","protected":false},"author":1,"featured_media":0,"parent":0,"menu_order":0,"comment_status":"closed","ping_status":"closed","template":"","meta":{"footnotes":""},"class_list":["post-2475","page","type-page","status-publish","hentry"],"yoast_head":"<!-- This site is optimized with the Yoast SEO plugin v27.3 - https:\/\/yoast.com\/product\/yoast-seo-wordpress\/ -->\n<title>Unterlagen - \u017divogo\u0161\u0107e<\/title>\n<meta name=\"description\" content=\"Unterlagen\" \/>\n<meta name=\"robots\" content=\"index, follow, max-snippet:-1, max-image-preview:large, max-video-preview:-1\" \/>\n<link rel=\"canonical\" href=\"https:\/\/www.zivogosce.hr\/de\/documents\/\" \/>\n<meta property=\"og:locale\" content=\"de_DE\" \/>\n<meta property=\"og:type\" content=\"article\" \/>\n<meta property=\"og:title\" content=\"Unterlagen - \u017divogo\u0161\u0107e\" \/>\n<meta property=\"og:description\" content=\"Unterlagen\" \/>\n<meta property=\"og:url\" content=\"https:\/\/www.zivogosce.hr\/de\/documents\/\" \/>\n<meta property=\"og:site_name\" content=\"\u017divogo\u0161\u0107e\" \/>\n<meta property=\"article:publisher\" content=\"https:\/\/www.facebook.com\/zivogosce\/\" \/>\n<meta property=\"article:modified_time\" content=\"2026-04-15T10:38:19+00:00\" \/>\n<meta name=\"twitter:card\" content=\"summary_large_image\" \/>\n<meta name=\"twitter:label1\" content=\"Gesch\u00e4tzte Lesezeit\" \/>\n\t<meta name=\"twitter:data1\" content=\"1\u00a0Minute\" \/>\n<script type=\"application\/ld+json\" class=\"yoast-schema-graph\">{\"@context\":\"https:\\\/\\\/schema.org\",\"@graph\":[{\"@type\":\"WebPage\",\"@id\":\"https:\\\/\\\/www.zivogosce.hr\\\/de\\\/documents\\\/\",\"url\":\"https:\\\/\\\/www.zivogosce.hr\\\/de\\\/documents\\\/\",\"name\":\"Unterlagen - \u017divogo\u0161\u0107e\",\"isPartOf\":{\"@id\":\"https:\\\/\\\/www.zivogosce.hr\\\/#website\"},\"datePublished\":\"2016-09-02T11:41:06+00:00\",\"dateModified\":\"2026-04-15T10:38:19+00:00\",\"description\":\"Unterlagen\",\"breadcrumb\":{\"@id\":\"https:\\\/\\\/www.zivogosce.hr\\\/de\\\/documents\\\/#breadcrumb\"},\"inLanguage\":\"de\",\"potentialAction\":[{\"@type\":\"ReadAction\",\"target\":[\"https:\\\/\\\/www.zivogosce.hr\\\/de\\\/documents\\\/\"]}]},{\"@type\":\"BreadcrumbList\",\"@id\":\"https:\\\/\\\/www.zivogosce.hr\\\/de\\\/documents\\\/#breadcrumb\",\"itemListElement\":[{\"@type\":\"ListItem\",\"position\":1,\"name\":\"Home\",\"item\":\"https:\\\/\\\/www.zivogosce.hr\\\/de\\\/\"},{\"@type\":\"ListItem\",\"position\":2,\"name\":\"Unterlagen\"}]},{\"@type\":\"WebSite\",\"@id\":\"https:\\\/\\\/www.zivogosce.hr\\\/#website\",\"url\":\"https:\\\/\\\/www.zivogosce.hr\\\/\",\"name\":\"\u017divogo\u0161\u0107e\",\"description\":\"Tourist Board\",\"publisher\":{\"@id\":\"https:\\\/\\\/www.zivogosce.hr\\\/#organization\"},\"potentialAction\":[{\"@type\":\"SearchAction\",\"target\":{\"@type\":\"EntryPoint\",\"urlTemplate\":\"https:\\\/\\\/www.zivogosce.hr\\\/?s={search_term_string}\"},\"query-input\":{\"@type\":\"PropertyValueSpecification\",\"valueRequired\":true,\"valueName\":\"search_term_string\"}}],\"inLanguage\":\"de\"},{\"@type\":\"Organization\",\"@id\":\"https:\\\/\\\/www.zivogosce.hr\\\/#organization\",\"name\":\"Turisti\u010dka zajednica mjesta \u017divogo\u0161\u0107e\",\"url\":\"https:\\\/\\\/www.zivogosce.hr\\\/\",\"logo\":{\"@type\":\"ImageObject\",\"inLanguage\":\"de\",\"@id\":\"https:\\\/\\\/www.zivogosce.hr\\\/#\\\/schema\\\/logo\\\/image\\\/\",\"url\":\"https:\\\/\\\/www.zivogosce.hr\\\/wp-content\\\/uploads\\\/2018\\\/02\\\/zivogosce.png\",\"contentUrl\":\"https:\\\/\\\/www.zivogosce.hr\\\/wp-content\\\/uploads\\\/2018\\\/02\\\/zivogosce.png\",\"width\":159,\"height\":72,\"caption\":\"Turisti\u010dka zajednica mjesta \u017divogo\u0161\u0107e\"},\"image\":{\"@id\":\"https:\\\/\\\/www.zivogosce.hr\\\/#\\\/schema\\\/logo\\\/image\\\/\"},\"sameAs\":[\"https:\\\/\\\/www.facebook.com\\\/zivogosce\\\/\"]}]}<\/script>\n<!-- \/ Yoast SEO plugin. -->","yoast_head_json":{"title":"Unterlagen - \u017divogo\u0161\u0107e","description":"Unterlagen","robots":{"index":"index","follow":"follow","max-snippet":"max-snippet:-1","max-image-preview":"max-image-preview:large","max-video-preview":"max-video-preview:-1"},"canonical":"https:\/\/www.zivogosce.hr\/de\/documents\/","og_locale":"de_DE","og_type":"article","og_title":"Unterlagen - \u017divogo\u0161\u0107e","og_description":"Unterlagen","og_url":"https:\/\/www.zivogosce.hr\/de\/documents\/","og_site_name":"\u017divogo\u0161\u0107e","article_publisher":"https:\/\/www.facebook.com\/zivogosce\/","article_modified_time":"2026-04-15T10:38:19+00:00","twitter_card":"summary_large_image","twitter_misc":{"Gesch\u00e4tzte Lesezeit":"1\u00a0Minute"},"schema":{"@context":"https:\/\/schema.org","@graph":[{"@type":"WebPage","@id":"https:\/\/www.zivogosce.hr\/de\/documents\/","url":"https:\/\/www.zivogosce.hr\/de\/documents\/","name":"Unterlagen - \u017divogo\u0161\u0107e","isPartOf":{"@id":"https:\/\/www.zivogosce.hr\/#website"},"datePublished":"2016-09-02T11:41:06+00:00","dateModified":"2026-04-15T10:38:19+00:00","description":"Unterlagen","breadcrumb":{"@id":"https:\/\/www.zivogosce.hr\/de\/documents\/#breadcrumb"},"inLanguage":"de","potentialAction":[{"@type":"ReadAction","target":["https:\/\/www.zivogosce.hr\/de\/documents\/"]}]},{"@type":"BreadcrumbList","@id":"https:\/\/www.zivogosce.hr\/de\/documents\/#breadcrumb","itemListElement":[{"@type":"ListItem","position":1,"name":"Home","item":"https:\/\/www.zivogosce.hr\/de\/"},{"@type":"ListItem","position":2,"name":"Unterlagen"}]},{"@type":"WebSite","@id":"https:\/\/www.zivogosce.hr\/#website","url":"https:\/\/www.zivogosce.hr\/","name":"\u017divogo\u0161\u0107e","description":"Tourist Board","publisher":{"@id":"https:\/\/www.zivogosce.hr\/#organization"},"potentialAction":[{"@type":"SearchAction","target":{"@type":"EntryPoint","urlTemplate":"https:\/\/www.zivogosce.hr\/?s={search_term_string}"},"query-input":{"@type":"PropertyValueSpecification","valueRequired":true,"valueName":"search_term_string"}}],"inLanguage":"de"},{"@type":"Organization","@id":"https:\/\/www.zivogosce.hr\/#organization","name":"Turisti\u010dka zajednica mjesta \u017divogo\u0161\u0107e","url":"https:\/\/www.zivogosce.hr\/","logo":{"@type":"ImageObject","inLanguage":"de","@id":"https:\/\/www.zivogosce.hr\/#\/schema\/logo\/image\/","url":"https:\/\/www.zivogosce.hr\/wp-content\/uploads\/2018\/02\/zivogosce.png","contentUrl":"https:\/\/www.zivogosce.hr\/wp-content\/uploads\/2018\/02\/zivogosce.png","width":159,"height":72,"caption":"Turisti\u010dka zajednica mjesta \u017divogo\u0161\u0107e"},"image":{"@id":"https:\/\/www.zivogosce.hr\/#\/schema\/logo\/image\/"},"sameAs":["https:\/\/www.facebook.com\/zivogosce\/"]}]}},"_links":{"self":[{"href":"https:\/\/www.zivogosce.hr\/de\/wp-json\/wp\/v2\/pages\/2475","targetHints":{"allow":["GET"]}}],"collection":[{"href":"https:\/\/www.zivogosce.hr\/de\/wp-json\/wp\/v2\/pages"}],"about":[{"href":"https:\/\/www.zivogosce.hr\/de\/wp-json\/wp\/v2\/types\/page"}],"author":[{"embeddable":true,"href":"https:\/\/www.zivogosce.hr\/de\/wp-json\/wp\/v2\/users\/1"}],"replies":[{"embeddable":true,"href":"https:\/\/www.zivogosce.hr\/de\/wp-json\/wp\/v2\/comments?post=2475"}],"version-history":[{"count":16,"href":"https:\/\/www.zivogosce.hr\/de\/wp-json\/wp\/v2\/pages\/2475\/revisions"}],"predecessor-version":[{"id":4279,"href":"https:\/\/www.zivogosce.hr\/de\/wp-json\/wp\/v2\/pages\/2475\/revisions\/4279"}],"wp:attachment":[{"href":"https:\/\/www.zivogosce.hr\/de\/wp-json\/wp\/v2\/media?parent=2475"}],"curies":[{"name":"wp","href":"https:\/\/api.w.org\/{rel}","templated":true}]}}