{"id":2259,"date":"2016-08-10T09:06:34","date_gmt":"2016-08-10T09:06:34","guid":{"rendered":"http:\/\/www.zivogosce.hr\/virtual-walks\/?lang=de"},"modified":"2024-06-06T11:44:13","modified_gmt":"2024-06-06T11:44:13","slug":"virtual-walks","status":"publish","type":"page","link":"https:\/\/www.zivogosce.hr\/de\/virtual-walks\/","title":{"rendered":"Virtual walks"},"content":{"rendered":"<div class=\"wpb-content-wrapper\"><p>[vc_row][vc_column width=&#8220;1\/6&#8243; offset=&#8220;vc_col-lg-2 vc_col-md-12 vc_col-xs-12&#8243;][\/vc_column][vc_column width=&#8220;2\/3&#8243; offset=&#8220;vc_col-lg-8 vc_col-md-12 vc_col-xs-12&#8243;]<div class=\"sc_section\"><div class=\"sc_content content_wrap\"><div class=\"columns_wrap sc_columns columns_nofluid sc_columns_count_1\"><div class=\"column-1_1 sc_column_item sc_column_item_1 odd first\">[vc_column_text]<a class=\"virtualwalk\" href=\"https:\/\/tourmkr.com\/F1ETyakpdL\/38872667p&amp;356.43h&amp;86.91t\" target=\"_blank\" rel=\"noopener\"><img loading=\"lazy\" decoding=\"async\" class=\"alignnone size-large wp-image-3736\" src=\"https:\/\/www.zivogosce.hr\/wp-content\/uploads\/2022\/11\/virtualwalk-1024x713.jpg\" alt=\"\" width=\"1024\" height=\"713\" srcset=\"https:\/\/www.zivogosce.hr\/wp-content\/uploads\/2022\/11\/virtualwalk-1024x713.jpg 1024w, https:\/\/www.zivogosce.hr\/wp-content\/uploads\/2022\/11\/virtualwalk-300x209.jpg 300w, https:\/\/www.zivogosce.hr\/wp-content\/uploads\/2022\/11\/virtualwalk-768x535.jpg 768w, https:\/\/www.zivogosce.hr\/wp-content\/uploads\/2022\/11\/virtualwalk-750x522.jpg 750w, https:\/\/www.zivogosce.hr\/wp-content\/uploads\/2022\/11\/virtualwalk-1150x801.jpg 1150w, https:\/\/www.zivogosce.hr\/wp-content\/uploads\/2022\/11\/virtualwalk-400x278.jpg 400w, https:\/\/www.zivogosce.hr\/wp-content\/uploads\/2022\/11\/virtualwalk-250x174.jpg 250w, https:\/\/www.zivogosce.hr\/wp-content\/uploads\/2022\/11\/virtualwalk-550x383.jpg 550w, https:\/\/www.zivogosce.hr\/wp-content\/uploads\/2022\/11\/virtualwalk.jpg 1280w\" sizes=\"auto, (max-width: 1024px) 100vw, 1024px\" \/><\/a><br \/>\n<span style=\"display: block; font-weight: bold; font-size: 18px; text-align: center; padding-top: 7px;\">Virtual walk<\/span>[\/vc_column_text]<\/div><\/div><\/div><\/div>[\/vc_column][vc_column width=&#8220;1\/6&#8243; offset=&#8220;vc_col-lg-2 vc_col-md-12 vc_col-xs-12&#8243;][\/vc_column][\/vc_row][vc_row disable_element=&#8220;yes&#8220;][vc_column]<div class=\"sc_section\"><div class=\"sc_content content_wrap\"><div class=\"columns_wrap sc_columns columns_nofluid sc_columns_count_3\"><div class=\"column-1_3 sc_column_item sc_column_item_1 odd first\">[vc_column_text]<a href=\"https:\/\/www.zivogosce.hr\/panorame\/Mala_duba\/index.html\" target=\"_blank\" rel=\"noopener\"><img loading=\"lazy\" decoding=\"async\" class=\"alignnone size-medium wp-image-2182\" style=\"width: 100%; height: auto;\" src=\"https:\/\/www.zivogosce.hr\/wp-content\/uploads\/2016\/08\/maladuba-300x211.jpg\" alt=\"maladuba\" width=\"300\" height=\"211\" srcset=\"https:\/\/www.zivogosce.hr\/wp-content\/uploads\/2016\/08\/maladuba-300x211.jpg 300w, https:\/\/www.zivogosce.hr\/wp-content\/uploads\/2016\/08\/maladuba-550x386.jpg 550w, https:\/\/www.zivogosce.hr\/wp-content\/uploads\/2016\/08\/maladuba-768x539.jpg 768w, https:\/\/www.zivogosce.hr\/wp-content\/uploads\/2016\/08\/maladuba-1024x719.jpg 1024w, https:\/\/www.zivogosce.hr\/wp-content\/uploads\/2016\/08\/maladuba-1150x807.jpg 1150w, https:\/\/www.zivogosce.hr\/wp-content\/uploads\/2016\/08\/maladuba-750x527.jpg 750w, https:\/\/www.zivogosce.hr\/wp-content\/uploads\/2016\/08\/maladuba-400x281.jpg 400w, https:\/\/www.zivogosce.hr\/wp-content\/uploads\/2016\/08\/maladuba-250x176.jpg 250w, https:\/\/www.zivogosce.hr\/wp-content\/uploads\/2016\/08\/maladuba.jpg 1272w\" sizes=\"auto, (max-width: 300px) 100vw, 300px\" \/><\/a><br \/>\n<span style=\"display: block; font-weight: bold; font-size: 18px; text-align: center; padding-top: 7px;\">Mala duba<\/span>[\/vc_column_text]<\/div><div class=\"column-1_3 sc_column_item sc_column_item_2 even\">[vc_column_text]<a href=\"https:\/\/www.zivogosce.hr\/panorame\/Zivogosce_Blato\/index.html\" target=\"_blank\" rel=\"noopener\"><img loading=\"lazy\" decoding=\"async\" class=\"alignnone size-medium wp-image-2182\" style=\"width: 100%; height: auto;\" src=\"https:\/\/www.zivogosce.hr\/wp-content\/uploads\/2016\/08\/blato-300x211.jpg\" alt=\"blato\" width=\"300\" height=\"211\" \/><\/a><br \/>\n<span style=\"display: block; font-weight: bold; font-size: 18px; text-align: center; padding-top: 7px;\">Blato<\/span>[\/vc_column_text]<\/div><div class=\"column-1_3 sc_column_item sc_column_item_3 odd\">[vc_column_text]<a href=\"https:\/\/www.zivogosce.hr\/panorame\/Porat\/index.html\" target=\"_blank\" rel=\"noopener\"><img loading=\"lazy\" decoding=\"async\" class=\"alignnone size-medium wp-image-2182\" style=\"width: 100%; height: auto;\" src=\"https:\/\/www.zivogosce.hr\/wp-content\/uploads\/2016\/08\/porat-300x211.jpg\" alt=\"porat\" width=\"300\" height=\"211\" \/><\/a><br \/>\n<span style=\"display: block; font-weight: bold; font-size: 18px; text-align: center; padding-top: 7px;\">Porat<\/span>[\/vc_column_text]<\/div><\/div><\/div><\/div>[\/vc_column][\/vc_row]<\/p>\n<\/div>","protected":false},"excerpt":{"rendered":"<p>[vc_row][vc_column width=&#8220;1\/6&#8243; offset=&#8220;vc_col-lg-2 vc_col-md-12 vc_col-xs-12&#8243;][\/vc_column][vc_column width=&#8220;2\/3&#8243; offset=&#8220;vc_col-lg-8 vc_col-md-12 vc_col-xs-12&#8243;][\/vc_column][vc_column width=&#8220;1\/6&#8243; offset=&#8220;vc_col-lg-2 vc_col-md-12 vc_col-xs-12&#8243;][\/vc_column][\/vc_row][vc_row disable_element=&#8220;yes&#8220;][vc_column][\/vc_column][\/vc_row]<\/p>\n","protected":false},"author":1,"featured_media":0,"parent":0,"menu_order":0,"comment_status":"closed","ping_status":"closed","template":"","meta":{"footnotes":""},"class_list":["post-2259","page","type-page","status-publish","hentry"],"yoast_head":"<!-- This site is optimized with the Yoast SEO plugin v27.3 - https:\/\/yoast.com\/product\/yoast-seo-wordpress\/ -->\n<title>Virtual walks - \u017divogo\u0161\u0107e<\/title>\n<meta name=\"description\" content=\"Virtuelle Spazierg\u00e4nge in \u017divogo\u0161\u0107e\" \/>\n<meta name=\"robots\" content=\"index, follow, max-snippet:-1, max-image-preview:large, max-video-preview:-1\" \/>\n<link rel=\"canonical\" href=\"https:\/\/www.zivogosce.hr\/de\/virtual-walks\/\" \/>\n<meta property=\"og:locale\" content=\"de_DE\" \/>\n<meta property=\"og:type\" content=\"article\" \/>\n<meta property=\"og:title\" content=\"Virtual walks - \u017divogo\u0161\u0107e\" \/>\n<meta property=\"og:description\" content=\"Virtuelle Spazierg\u00e4nge in \u017divogo\u0161\u0107e\" \/>\n<meta property=\"og:url\" content=\"https:\/\/www.zivogosce.hr\/de\/virtual-walks\/\" \/>\n<meta property=\"og:site_name\" content=\"\u017divogo\u0161\u0107e\" \/>\n<meta property=\"article:publisher\" content=\"https:\/\/www.facebook.com\/zivogosce\/\" \/>\n<meta property=\"article:modified_time\" content=\"2024-06-06T11:44:13+00:00\" \/>\n<meta property=\"og:image\" content=\"https:\/\/www.zivogosce.hr\/wp-content\/uploads\/2022\/11\/virtualwalk-1024x713.jpg\" \/>\n<meta name=\"twitter:card\" content=\"summary_large_image\" \/>\n<meta name=\"twitter:label1\" content=\"Gesch\u00e4tzte Lesezeit\" \/>\n\t<meta name=\"twitter:data1\" content=\"1\u00a0Minute\" \/>\n<script type=\"application\/ld+json\" class=\"yoast-schema-graph\">{\"@context\":\"https:\\\/\\\/schema.org\",\"@graph\":[{\"@type\":\"WebPage\",\"@id\":\"https:\\\/\\\/www.zivogosce.hr\\\/de\\\/virtual-walks\\\/\",\"url\":\"https:\\\/\\\/www.zivogosce.hr\\\/de\\\/virtual-walks\\\/\",\"name\":\"Virtual walks - \u017divogo\u0161\u0107e\",\"isPartOf\":{\"@id\":\"https:\\\/\\\/www.zivogosce.hr\\\/#website\"},\"primaryImageOfPage\":{\"@id\":\"https:\\\/\\\/www.zivogosce.hr\\\/de\\\/virtual-walks\\\/#primaryimage\"},\"image\":{\"@id\":\"https:\\\/\\\/www.zivogosce.hr\\\/de\\\/virtual-walks\\\/#primaryimage\"},\"thumbnailUrl\":\"https:\\\/\\\/www.zivogosce.hr\\\/wp-content\\\/uploads\\\/2022\\\/11\\\/virtualwalk-1024x713.jpg\",\"datePublished\":\"2016-08-10T09:06:34+00:00\",\"dateModified\":\"2024-06-06T11:44:13+00:00\",\"description\":\"Virtuelle Spazierg\u00e4nge in \u017divogo\u0161\u0107e\",\"breadcrumb\":{\"@id\":\"https:\\\/\\\/www.zivogosce.hr\\\/de\\\/virtual-walks\\\/#breadcrumb\"},\"inLanguage\":\"de\",\"potentialAction\":[{\"@type\":\"ReadAction\",\"target\":[\"https:\\\/\\\/www.zivogosce.hr\\\/de\\\/virtual-walks\\\/\"]}]},{\"@type\":\"ImageObject\",\"inLanguage\":\"de\",\"@id\":\"https:\\\/\\\/www.zivogosce.hr\\\/de\\\/virtual-walks\\\/#primaryimage\",\"url\":\"https:\\\/\\\/www.zivogosce.hr\\\/wp-content\\\/uploads\\\/2022\\\/11\\\/virtualwalk-1024x713.jpg\",\"contentUrl\":\"https:\\\/\\\/www.zivogosce.hr\\\/wp-content\\\/uploads\\\/2022\\\/11\\\/virtualwalk-1024x713.jpg\"},{\"@type\":\"BreadcrumbList\",\"@id\":\"https:\\\/\\\/www.zivogosce.hr\\\/de\\\/virtual-walks\\\/#breadcrumb\",\"itemListElement\":[{\"@type\":\"ListItem\",\"position\":1,\"name\":\"Home\",\"item\":\"https:\\\/\\\/www.zivogosce.hr\\\/de\\\/\"},{\"@type\":\"ListItem\",\"position\":2,\"name\":\"Virtual walks\"}]},{\"@type\":\"WebSite\",\"@id\":\"https:\\\/\\\/www.zivogosce.hr\\\/#website\",\"url\":\"https:\\\/\\\/www.zivogosce.hr\\\/\",\"name\":\"\u017divogo\u0161\u0107e\",\"description\":\"Tourist Board\",\"publisher\":{\"@id\":\"https:\\\/\\\/www.zivogosce.hr\\\/#organization\"},\"potentialAction\":[{\"@type\":\"SearchAction\",\"target\":{\"@type\":\"EntryPoint\",\"urlTemplate\":\"https:\\\/\\\/www.zivogosce.hr\\\/?s={search_term_string}\"},\"query-input\":{\"@type\":\"PropertyValueSpecification\",\"valueRequired\":true,\"valueName\":\"search_term_string\"}}],\"inLanguage\":\"de\"},{\"@type\":\"Organization\",\"@id\":\"https:\\\/\\\/www.zivogosce.hr\\\/#organization\",\"name\":\"Turisti\u010dka zajednica mjesta \u017divogo\u0161\u0107e\",\"url\":\"https:\\\/\\\/www.zivogosce.hr\\\/\",\"logo\":{\"@type\":\"ImageObject\",\"inLanguage\":\"de\",\"@id\":\"https:\\\/\\\/www.zivogosce.hr\\\/#\\\/schema\\\/logo\\\/image\\\/\",\"url\":\"https:\\\/\\\/www.zivogosce.hr\\\/wp-content\\\/uploads\\\/2018\\\/02\\\/zivogosce.png\",\"contentUrl\":\"https:\\\/\\\/www.zivogosce.hr\\\/wp-content\\\/uploads\\\/2018\\\/02\\\/zivogosce.png\",\"width\":159,\"height\":72,\"caption\":\"Turisti\u010dka zajednica mjesta \u017divogo\u0161\u0107e\"},\"image\":{\"@id\":\"https:\\\/\\\/www.zivogosce.hr\\\/#\\\/schema\\\/logo\\\/image\\\/\"},\"sameAs\":[\"https:\\\/\\\/www.facebook.com\\\/zivogosce\\\/\"]}]}<\/script>\n<!-- \/ Yoast SEO plugin. -->","yoast_head_json":{"title":"Virtual walks - \u017divogo\u0161\u0107e","description":"Virtuelle Spazierg\u00e4nge in \u017divogo\u0161\u0107e","robots":{"index":"index","follow":"follow","max-snippet":"max-snippet:-1","max-image-preview":"max-image-preview:large","max-video-preview":"max-video-preview:-1"},"canonical":"https:\/\/www.zivogosce.hr\/de\/virtual-walks\/","og_locale":"de_DE","og_type":"article","og_title":"Virtual walks - \u017divogo\u0161\u0107e","og_description":"Virtuelle Spazierg\u00e4nge in \u017divogo\u0161\u0107e","og_url":"https:\/\/www.zivogosce.hr\/de\/virtual-walks\/","og_site_name":"\u017divogo\u0161\u0107e","article_publisher":"https:\/\/www.facebook.com\/zivogosce\/","article_modified_time":"2024-06-06T11:44:13+00:00","og_image":[{"url":"https:\/\/www.zivogosce.hr\/wp-content\/uploads\/2022\/11\/virtualwalk-1024x713.jpg","type":"","width":"","height":""}],"twitter_card":"summary_large_image","twitter_misc":{"Gesch\u00e4tzte Lesezeit":"1\u00a0Minute"},"schema":{"@context":"https:\/\/schema.org","@graph":[{"@type":"WebPage","@id":"https:\/\/www.zivogosce.hr\/de\/virtual-walks\/","url":"https:\/\/www.zivogosce.hr\/de\/virtual-walks\/","name":"Virtual walks - \u017divogo\u0161\u0107e","isPartOf":{"@id":"https:\/\/www.zivogosce.hr\/#website"},"primaryImageOfPage":{"@id":"https:\/\/www.zivogosce.hr\/de\/virtual-walks\/#primaryimage"},"image":{"@id":"https:\/\/www.zivogosce.hr\/de\/virtual-walks\/#primaryimage"},"thumbnailUrl":"https:\/\/www.zivogosce.hr\/wp-content\/uploads\/2022\/11\/virtualwalk-1024x713.jpg","datePublished":"2016-08-10T09:06:34+00:00","dateModified":"2024-06-06T11:44:13+00:00","description":"Virtuelle Spazierg\u00e4nge in \u017divogo\u0161\u0107e","breadcrumb":{"@id":"https:\/\/www.zivogosce.hr\/de\/virtual-walks\/#breadcrumb"},"inLanguage":"de","potentialAction":[{"@type":"ReadAction","target":["https:\/\/www.zivogosce.hr\/de\/virtual-walks\/"]}]},{"@type":"ImageObject","inLanguage":"de","@id":"https:\/\/www.zivogosce.hr\/de\/virtual-walks\/#primaryimage","url":"https:\/\/www.zivogosce.hr\/wp-content\/uploads\/2022\/11\/virtualwalk-1024x713.jpg","contentUrl":"https:\/\/www.zivogosce.hr\/wp-content\/uploads\/2022\/11\/virtualwalk-1024x713.jpg"},{"@type":"BreadcrumbList","@id":"https:\/\/www.zivogosce.hr\/de\/virtual-walks\/#breadcrumb","itemListElement":[{"@type":"ListItem","position":1,"name":"Home","item":"https:\/\/www.zivogosce.hr\/de\/"},{"@type":"ListItem","position":2,"name":"Virtual walks"}]},{"@type":"WebSite","@id":"https:\/\/www.zivogosce.hr\/#website","url":"https:\/\/www.zivogosce.hr\/","name":"\u017divogo\u0161\u0107e","description":"Tourist Board","publisher":{"@id":"https:\/\/www.zivogosce.hr\/#organization"},"potentialAction":[{"@type":"SearchAction","target":{"@type":"EntryPoint","urlTemplate":"https:\/\/www.zivogosce.hr\/?s={search_term_string}"},"query-input":{"@type":"PropertyValueSpecification","valueRequired":true,"valueName":"search_term_string"}}],"inLanguage":"de"},{"@type":"Organization","@id":"https:\/\/www.zivogosce.hr\/#organization","name":"Turisti\u010dka zajednica mjesta \u017divogo\u0161\u0107e","url":"https:\/\/www.zivogosce.hr\/","logo":{"@type":"ImageObject","inLanguage":"de","@id":"https:\/\/www.zivogosce.hr\/#\/schema\/logo\/image\/","url":"https:\/\/www.zivogosce.hr\/wp-content\/uploads\/2018\/02\/zivogosce.png","contentUrl":"https:\/\/www.zivogosce.hr\/wp-content\/uploads\/2018\/02\/zivogosce.png","width":159,"height":72,"caption":"Turisti\u010dka zajednica mjesta \u017divogo\u0161\u0107e"},"image":{"@id":"https:\/\/www.zivogosce.hr\/#\/schema\/logo\/image\/"},"sameAs":["https:\/\/www.facebook.com\/zivogosce\/"]}]}},"_links":{"self":[{"href":"https:\/\/www.zivogosce.hr\/de\/wp-json\/wp\/v2\/pages\/2259","targetHints":{"allow":["GET"]}}],"collection":[{"href":"https:\/\/www.zivogosce.hr\/de\/wp-json\/wp\/v2\/pages"}],"about":[{"href":"https:\/\/www.zivogosce.hr\/de\/wp-json\/wp\/v2\/types\/page"}],"author":[{"embeddable":true,"href":"https:\/\/www.zivogosce.hr\/de\/wp-json\/wp\/v2\/users\/1"}],"replies":[{"embeddable":true,"href":"https:\/\/www.zivogosce.hr\/de\/wp-json\/wp\/v2\/comments?post=2259"}],"version-history":[{"count":3,"href":"https:\/\/www.zivogosce.hr\/de\/wp-json\/wp\/v2\/pages\/2259\/revisions"}],"predecessor-version":[{"id":4026,"href":"https:\/\/www.zivogosce.hr\/de\/wp-json\/wp\/v2\/pages\/2259\/revisions\/4026"}],"wp:attachment":[{"href":"https:\/\/www.zivogosce.hr\/de\/wp-json\/wp\/v2\/media?parent=2259"}],"curies":[{"name":"wp","href":"https:\/\/api.w.org\/{rel}","templated":true}]}}