{"id":3915,"date":"2023-11-07T10:12:59","date_gmt":"2023-11-07T10:12:59","guid":{"rendered":"https:\/\/www.zivogosce.hr\/hotels\/"},"modified":"2025-07-04T06:26:23","modified_gmt":"2025-07-04T06:26:23","slug":"hotels","status":"publish","type":"page","link":"https:\/\/www.zivogosce.hr\/cs\/hotels\/","title":{"rendered":"Hotelov\u00e9 ubytov\u00e1n\u00ed"},"content":{"rendered":"<div class=\"wpb-content-wrapper\"><p>[vc_row][vc_column width=&#8220;1\/2&#8243;]<figure class=\"sc_image  sc_image_shape_square\"><img decoding=\"async\" src=\"https:\/\/www.zivogosce.hr\/wp-content\/uploads\/2025\/07\/TB_Adriatic_Beach_SPU_AC111621339_Hotel_Overview_1988-2-1.jpg\" alt=\"img\" \/><\/figure>[\/vc_column][vc_column width=&#8220;1\/2&#8243; el_class=&#8220;bulletted_ul&#8220;][vc_column_text css=&#8220;&#8220;]<\/p>\n<h3>TUI BLUE Adriatic Beach ****<\/h3>\n<p>Porat bb<br \/>\n21329 \u017divogo\u0161\u0107e<br \/>\ntel.: +385 (0)1 200 2001<\/p>\n<p>Hlavn\u00ed budova: 139 pokoj\u016f<br \/>\nP\u0159\u00edstavba: 132 pokoj\u016f<br \/>\nHotel nab\u00edz\u00ed ubytov\u00e1n\u00ed pro dosp\u011bl\u00e9 a osoby star\u0161\u00ed 16 let.<\/p>\n<p>&nbsp;<\/p>\n<h3 class=\"sc_title sc_title_regular\">\u00dadaje na pl\u00e1\u017ei<\/h3>\n<ul class=\"sc_list sc_list_style_iconed\">\n<li class=\"sc_list_item odd first\">Leh\u00e1tka na pl\u00e1\u017ei<\/li>\n<li class=\"sc_list_item even\">Voln\u00fd \u010das na pl\u00e1\u017ei<\/li>\n<li class=\"sc_list_item odd\">Pebble Beach<\/li>\n<li class=\"sc_list_item even\">Sprcha na pl\u00e1\u017ei<\/li>\n<li class=\"sc_list_item odd\">P\u0159\u00edrodn\u00ed st\u00edn<\/li>\n<\/ul>\n<h3 class=\"sc_title sc_title_regular\">\u00dadaje o m\u00edst\u011b<\/h3>\n<ul class=\"sc_list sc_list_style_iconed\">\n<li class=\"sc_list_item odd first\">V are\u00e1lu se nach\u00e1z\u00ed u hlavn\u00ed silnice<\/li>\n<li class=\"sc_list_item even\">Za\u0159\u00edzen\u00ed je obklopen zelen\u00ed<\/li>\n<li class=\"sc_list_item odd\">V are\u00e1lu se nach\u00e1z\u00ed v klidn\u00e9m prost\u0159ed\u00ed<\/li>\n<\/ul>\n<h3 class=\"sc_title sc_title_regular\">Exteri\u00e9r stavby<\/h3>\n<ul class=\"sc_list sc_list_style_iconed\">\n<li class=\"sc_list_item odd first\">Vlastn\u00ed baz\u00e9n<\/li>\n<li class=\"sc_list_item even\">Parkovac\u00ed m\u00edsto<\/li>\n<\/ul>\n<p>[\/vc_column_text][\/vc_column][\/vc_row]<\/p>\n<\/div>","protected":false},"excerpt":{"rendered":"<p>[vc_row][vc_column width=&#8220;1\/2&#8243;][\/vc_column][vc_column width=&#8220;1\/2&#8243; el_class=&#8220;bulletted_ul&#8220;][vc_column_text css=&#8220;&#8220;] TUI BLUE Adriatic Beach **** Porat bb 21329 \u017divogo\u0161\u0107e tel.: +385 (0)1 200 2001 Hlavn\u00ed budova: 139 pokoj\u016f P\u0159\u00edstavba: 132 pokoj\u016f Hotel nab\u00edz\u00ed ubytov\u00e1n\u00ed pro dosp\u011bl\u00e9 a osoby star\u0161\u00ed 16 let. &nbsp; \u00dadaje na pl\u00e1\u017ei Leh\u00e1tka na pl\u00e1\u017ei Voln\u00fd \u010das na pl\u00e1\u017ei Pebble Beach Sprcha na pl\u00e1\u017ei P\u0159\u00edrodn\u00ed st\u00edn \u00dadaje [&hellip;]<\/p>\n","protected":false},"author":1,"featured_media":0,"parent":0,"menu_order":0,"comment_status":"closed","ping_status":"closed","template":"","meta":{"footnotes":""},"class_list":["post-3915","page","type-page","status-publish","hentry"],"yoast_head":"<!-- This site is optimized with the Yoast SEO plugin v27.3 - https:\/\/yoast.com\/product\/yoast-seo-wordpress\/ -->\n<title>Hotelov\u00e9 ubytov\u00e1n\u00ed - \u017divogo\u0161\u0107e<\/title>\n<meta name=\"description\" content=\"Adriatic Beach Resort Hotel *** je obklopen st\u0159edomo\u0159sk\u00fdmi bylinami. Nach\u00e1z\u00ed se na \u0161t\u011brkovit\u00e9 pl\u00e1\u017ei u \u010dist\u00e9ho mo\u0159e. V hlavn\u00ed hotelov\u00e9 budov\u011b jsou klimatizovan\u00e9 spole\u010densk\u00e9 prostory a 155 pokoj\u016f, kter\u00e9 jsou vybaveny satelitn\u00ed televiz\u00ed a klimatiza\u010dn\u00edmi jednotkami.\" \/>\n<meta name=\"robots\" content=\"index, follow, max-snippet:-1, max-image-preview:large, max-video-preview:-1\" \/>\n<link rel=\"canonical\" href=\"https:\/\/www.zivogosce.hr\/cs\/hotels\/\" \/>\n<meta property=\"og:locale\" content=\"cs_CZ\" \/>\n<meta property=\"og:type\" content=\"article\" \/>\n<meta property=\"og:title\" content=\"Hotelov\u00e9 ubytov\u00e1n\u00ed - \u017divogo\u0161\u0107e\" \/>\n<meta property=\"og:description\" content=\"Adriatic Beach Resort Hotel *** je obklopen st\u0159edomo\u0159sk\u00fdmi bylinami. Nach\u00e1z\u00ed se na \u0161t\u011brkovit\u00e9 pl\u00e1\u017ei u \u010dist\u00e9ho mo\u0159e. V hlavn\u00ed hotelov\u00e9 budov\u011b jsou klimatizovan\u00e9 spole\u010densk\u00e9 prostory a 155 pokoj\u016f, kter\u00e9 jsou vybaveny satelitn\u00ed televiz\u00ed a klimatiza\u010dn\u00edmi jednotkami.\" \/>\n<meta property=\"og:url\" content=\"https:\/\/www.zivogosce.hr\/cs\/hotels\/\" \/>\n<meta property=\"og:site_name\" content=\"\u017divogo\u0161\u0107e\" \/>\n<meta property=\"article:publisher\" content=\"https:\/\/www.facebook.com\/zivogosce\/\" \/>\n<meta property=\"article:modified_time\" content=\"2025-07-04T06:26:23+00:00\" \/>\n<meta name=\"twitter:card\" content=\"summary_large_image\" \/>\n<meta name=\"twitter:label1\" content=\"Odhadovan\u00e1 doba \u010dten\u00ed\" \/>\n\t<meta name=\"twitter:data1\" content=\"1 minuta\" \/>\n<script type=\"application\/ld+json\" class=\"yoast-schema-graph\">{\"@context\":\"https:\\\/\\\/schema.org\",\"@graph\":[{\"@type\":\"WebPage\",\"@id\":\"https:\\\/\\\/www.zivogosce.hr\\\/cs\\\/hotels\\\/\",\"url\":\"https:\\\/\\\/www.zivogosce.hr\\\/cs\\\/hotels\\\/\",\"name\":\"Hotelov\u00e9 ubytov\u00e1n\u00ed - \u017divogo\u0161\u0107e\",\"isPartOf\":{\"@id\":\"https:\\\/\\\/www.zivogosce.hr\\\/#website\"},\"datePublished\":\"2023-11-07T10:12:59+00:00\",\"dateModified\":\"2025-07-04T06:26:23+00:00\",\"description\":\"Adriatic Beach Resort Hotel *** je obklopen st\u0159edomo\u0159sk\u00fdmi bylinami. Nach\u00e1z\u00ed se na \u0161t\u011brkovit\u00e9 pl\u00e1\u017ei u \u010dist\u00e9ho mo\u0159e. V hlavn\u00ed hotelov\u00e9 budov\u011b jsou klimatizovan\u00e9 spole\u010densk\u00e9 prostory a 155 pokoj\u016f, kter\u00e9 jsou vybaveny satelitn\u00ed televiz\u00ed a klimatiza\u010dn\u00edmi jednotkami.\",\"breadcrumb\":{\"@id\":\"https:\\\/\\\/www.zivogosce.hr\\\/cs\\\/hotels\\\/#breadcrumb\"},\"inLanguage\":\"cs\",\"potentialAction\":[{\"@type\":\"ReadAction\",\"target\":[\"https:\\\/\\\/www.zivogosce.hr\\\/cs\\\/hotels\\\/\"]}]},{\"@type\":\"BreadcrumbList\",\"@id\":\"https:\\\/\\\/www.zivogosce.hr\\\/cs\\\/hotels\\\/#breadcrumb\",\"itemListElement\":[{\"@type\":\"ListItem\",\"position\":1,\"name\":\"Home\",\"item\":\"https:\\\/\\\/www.zivogosce.hr\\\/cs\\\/\"},{\"@type\":\"ListItem\",\"position\":2,\"name\":\"Hotelov\u00e9 ubytov\u00e1n\u00ed\"}]},{\"@type\":\"WebSite\",\"@id\":\"https:\\\/\\\/www.zivogosce.hr\\\/#website\",\"url\":\"https:\\\/\\\/www.zivogosce.hr\\\/\",\"name\":\"\u017divogo\u0161\u0107e\",\"description\":\"Tourist Board\",\"publisher\":{\"@id\":\"https:\\\/\\\/www.zivogosce.hr\\\/#organization\"},\"potentialAction\":[{\"@type\":\"SearchAction\",\"target\":{\"@type\":\"EntryPoint\",\"urlTemplate\":\"https:\\\/\\\/www.zivogosce.hr\\\/?s={search_term_string}\"},\"query-input\":{\"@type\":\"PropertyValueSpecification\",\"valueRequired\":true,\"valueName\":\"search_term_string\"}}],\"inLanguage\":\"cs\"},{\"@type\":\"Organization\",\"@id\":\"https:\\\/\\\/www.zivogosce.hr\\\/#organization\",\"name\":\"Turisti\u010dka zajednica mjesta \u017divogo\u0161\u0107e\",\"url\":\"https:\\\/\\\/www.zivogosce.hr\\\/\",\"logo\":{\"@type\":\"ImageObject\",\"inLanguage\":\"cs\",\"@id\":\"https:\\\/\\\/www.zivogosce.hr\\\/#\\\/schema\\\/logo\\\/image\\\/\",\"url\":\"https:\\\/\\\/www.zivogosce.hr\\\/wp-content\\\/uploads\\\/2018\\\/02\\\/zivogosce.png\",\"contentUrl\":\"https:\\\/\\\/www.zivogosce.hr\\\/wp-content\\\/uploads\\\/2018\\\/02\\\/zivogosce.png\",\"width\":159,\"height\":72,\"caption\":\"Turisti\u010dka zajednica mjesta \u017divogo\u0161\u0107e\"},\"image\":{\"@id\":\"https:\\\/\\\/www.zivogosce.hr\\\/#\\\/schema\\\/logo\\\/image\\\/\"},\"sameAs\":[\"https:\\\/\\\/www.facebook.com\\\/zivogosce\\\/\"]}]}<\/script>\n<!-- \/ Yoast SEO plugin. -->","yoast_head_json":{"title":"Hotelov\u00e9 ubytov\u00e1n\u00ed - \u017divogo\u0161\u0107e","description":"Adriatic Beach Resort Hotel *** je obklopen st\u0159edomo\u0159sk\u00fdmi bylinami. Nach\u00e1z\u00ed se na \u0161t\u011brkovit\u00e9 pl\u00e1\u017ei u \u010dist\u00e9ho mo\u0159e. V hlavn\u00ed hotelov\u00e9 budov\u011b jsou klimatizovan\u00e9 spole\u010densk\u00e9 prostory a 155 pokoj\u016f, kter\u00e9 jsou vybaveny satelitn\u00ed televiz\u00ed a klimatiza\u010dn\u00edmi jednotkami.","robots":{"index":"index","follow":"follow","max-snippet":"max-snippet:-1","max-image-preview":"max-image-preview:large","max-video-preview":"max-video-preview:-1"},"canonical":"https:\/\/www.zivogosce.hr\/cs\/hotels\/","og_locale":"cs_CZ","og_type":"article","og_title":"Hotelov\u00e9 ubytov\u00e1n\u00ed - \u017divogo\u0161\u0107e","og_description":"Adriatic Beach Resort Hotel *** je obklopen st\u0159edomo\u0159sk\u00fdmi bylinami. Nach\u00e1z\u00ed se na \u0161t\u011brkovit\u00e9 pl\u00e1\u017ei u \u010dist\u00e9ho mo\u0159e. V hlavn\u00ed hotelov\u00e9 budov\u011b jsou klimatizovan\u00e9 spole\u010densk\u00e9 prostory a 155 pokoj\u016f, kter\u00e9 jsou vybaveny satelitn\u00ed televiz\u00ed a klimatiza\u010dn\u00edmi jednotkami.","og_url":"https:\/\/www.zivogosce.hr\/cs\/hotels\/","og_site_name":"\u017divogo\u0161\u0107e","article_publisher":"https:\/\/www.facebook.com\/zivogosce\/","article_modified_time":"2025-07-04T06:26:23+00:00","twitter_card":"summary_large_image","twitter_misc":{"Odhadovan\u00e1 doba \u010dten\u00ed":"1 minuta"},"schema":{"@context":"https:\/\/schema.org","@graph":[{"@type":"WebPage","@id":"https:\/\/www.zivogosce.hr\/cs\/hotels\/","url":"https:\/\/www.zivogosce.hr\/cs\/hotels\/","name":"Hotelov\u00e9 ubytov\u00e1n\u00ed - \u017divogo\u0161\u0107e","isPartOf":{"@id":"https:\/\/www.zivogosce.hr\/#website"},"datePublished":"2023-11-07T10:12:59+00:00","dateModified":"2025-07-04T06:26:23+00:00","description":"Adriatic Beach Resort Hotel *** je obklopen st\u0159edomo\u0159sk\u00fdmi bylinami. Nach\u00e1z\u00ed se na \u0161t\u011brkovit\u00e9 pl\u00e1\u017ei u \u010dist\u00e9ho mo\u0159e. V hlavn\u00ed hotelov\u00e9 budov\u011b jsou klimatizovan\u00e9 spole\u010densk\u00e9 prostory a 155 pokoj\u016f, kter\u00e9 jsou vybaveny satelitn\u00ed televiz\u00ed a klimatiza\u010dn\u00edmi jednotkami.","breadcrumb":{"@id":"https:\/\/www.zivogosce.hr\/cs\/hotels\/#breadcrumb"},"inLanguage":"cs","potentialAction":[{"@type":"ReadAction","target":["https:\/\/www.zivogosce.hr\/cs\/hotels\/"]}]},{"@type":"BreadcrumbList","@id":"https:\/\/www.zivogosce.hr\/cs\/hotels\/#breadcrumb","itemListElement":[{"@type":"ListItem","position":1,"name":"Home","item":"https:\/\/www.zivogosce.hr\/cs\/"},{"@type":"ListItem","position":2,"name":"Hotelov\u00e9 ubytov\u00e1n\u00ed"}]},{"@type":"WebSite","@id":"https:\/\/www.zivogosce.hr\/#website","url":"https:\/\/www.zivogosce.hr\/","name":"\u017divogo\u0161\u0107e","description":"Tourist Board","publisher":{"@id":"https:\/\/www.zivogosce.hr\/#organization"},"potentialAction":[{"@type":"SearchAction","target":{"@type":"EntryPoint","urlTemplate":"https:\/\/www.zivogosce.hr\/?s={search_term_string}"},"query-input":{"@type":"PropertyValueSpecification","valueRequired":true,"valueName":"search_term_string"}}],"inLanguage":"cs"},{"@type":"Organization","@id":"https:\/\/www.zivogosce.hr\/#organization","name":"Turisti\u010dka zajednica mjesta \u017divogo\u0161\u0107e","url":"https:\/\/www.zivogosce.hr\/","logo":{"@type":"ImageObject","inLanguage":"cs","@id":"https:\/\/www.zivogosce.hr\/#\/schema\/logo\/image\/","url":"https:\/\/www.zivogosce.hr\/wp-content\/uploads\/2018\/02\/zivogosce.png","contentUrl":"https:\/\/www.zivogosce.hr\/wp-content\/uploads\/2018\/02\/zivogosce.png","width":159,"height":72,"caption":"Turisti\u010dka zajednica mjesta \u017divogo\u0161\u0107e"},"image":{"@id":"https:\/\/www.zivogosce.hr\/#\/schema\/logo\/image\/"},"sameAs":["https:\/\/www.facebook.com\/zivogosce\/"]}]}},"_links":{"self":[{"href":"https:\/\/www.zivogosce.hr\/cs\/wp-json\/wp\/v2\/pages\/3915","targetHints":{"allow":["GET"]}}],"collection":[{"href":"https:\/\/www.zivogosce.hr\/cs\/wp-json\/wp\/v2\/pages"}],"about":[{"href":"https:\/\/www.zivogosce.hr\/cs\/wp-json\/wp\/v2\/types\/page"}],"author":[{"embeddable":true,"href":"https:\/\/www.zivogosce.hr\/cs\/wp-json\/wp\/v2\/users\/1"}],"replies":[{"embeddable":true,"href":"https:\/\/www.zivogosce.hr\/cs\/wp-json\/wp\/v2\/comments?post=3915"}],"version-history":[{"count":4,"href":"https:\/\/www.zivogosce.hr\/cs\/wp-json\/wp\/v2\/pages\/3915\/revisions"}],"predecessor-version":[{"id":4223,"href":"https:\/\/www.zivogosce.hr\/cs\/wp-json\/wp\/v2\/pages\/3915\/revisions\/4223"}],"wp:attachment":[{"href":"https:\/\/www.zivogosce.hr\/cs\/wp-json\/wp\/v2\/media?parent=3915"}],"curies":[{"name":"wp","href":"https:\/\/api.w.org\/{rel}","templated":true}]}}