{"id":2277,"date":"2016-08-10T08:44:25","date_gmt":"2016-08-10T08:44:25","guid":{"rendered":"http:\/\/www.zivogosce.hr\/private-accommodation\/?lang=cs"},"modified":"2024-06-06T11:30:21","modified_gmt":"2024-06-06T11:30:21","slug":"private-accommodation","status":"publish","type":"page","link":"https:\/\/www.zivogosce.hr\/cs\/private-accommodation\/","title":{"rendered":"Priv\u00e1tn\u00ed ubytov\u00e1n\u00ed"},"content":{"rendered":"","protected":false},"excerpt":{"rendered":"","protected":false},"author":1,"featured_media":0,"parent":0,"menu_order":0,"comment_status":"closed","ping_status":"closed","template":"private-accommodation.php","meta":{"footnotes":""},"class_list":["post-2277","page","type-page","status-publish","hentry"],"yoast_head":"<!-- This site is optimized with the Yoast SEO plugin v27.3 - https:\/\/yoast.com\/product\/yoast-seo-wordpress\/ -->\n<title>Priv\u00e1tn\u00ed ubytov\u00e1n\u00ed - \u017divogo\u0161\u0107e<\/title>\n<meta name=\"description\" content=\"Soukrom\u00e9 ubytov\u00e1n\u00ed v \u017divogo\u0161\u0107e\" \/>\n<meta name=\"robots\" content=\"index, follow, max-snippet:-1, max-image-preview:large, max-video-preview:-1\" \/>\n<link rel=\"canonical\" href=\"https:\/\/www.zivogosce.hr\/cs\/private-accommodation\/\" \/>\n<meta property=\"og:locale\" content=\"cs_CZ\" \/>\n<meta property=\"og:type\" content=\"article\" \/>\n<meta property=\"og:title\" content=\"Priv\u00e1tn\u00ed ubytov\u00e1n\u00ed - \u017divogo\u0161\u0107e\" \/>\n<meta property=\"og:description\" content=\"Soukrom\u00e9 ubytov\u00e1n\u00ed v \u017divogo\u0161\u0107e\" \/>\n<meta property=\"og:url\" content=\"https:\/\/www.zivogosce.hr\/cs\/private-accommodation\/\" \/>\n<meta property=\"og:site_name\" content=\"\u017divogo\u0161\u0107e\" \/>\n<meta property=\"article:publisher\" content=\"https:\/\/www.facebook.com\/zivogosce\/\" \/>\n<meta property=\"article:modified_time\" content=\"2024-06-06T11:30:21+00:00\" \/>\n<meta name=\"twitter:card\" content=\"summary_large_image\" \/>\n<script type=\"application\/ld+json\" class=\"yoast-schema-graph\">{\"@context\":\"https:\\\/\\\/schema.org\",\"@graph\":[{\"@type\":\"WebPage\",\"@id\":\"https:\\\/\\\/www.zivogosce.hr\\\/cs\\\/private-accommodation\\\/\",\"url\":\"https:\\\/\\\/www.zivogosce.hr\\\/cs\\\/private-accommodation\\\/\",\"name\":\"Priv\u00e1tn\u00ed ubytov\u00e1n\u00ed - \u017divogo\u0161\u0107e\",\"isPartOf\":{\"@id\":\"https:\\\/\\\/www.zivogosce.hr\\\/#website\"},\"datePublished\":\"2016-08-10T08:44:25+00:00\",\"dateModified\":\"2024-06-06T11:30:21+00:00\",\"description\":\"Soukrom\u00e9 ubytov\u00e1n\u00ed v \u017divogo\u0161\u0107e\",\"breadcrumb\":{\"@id\":\"https:\\\/\\\/www.zivogosce.hr\\\/cs\\\/private-accommodation\\\/#breadcrumb\"},\"inLanguage\":\"cs\",\"potentialAction\":[{\"@type\":\"ReadAction\",\"target\":[\"https:\\\/\\\/www.zivogosce.hr\\\/cs\\\/private-accommodation\\\/\"]}]},{\"@type\":\"BreadcrumbList\",\"@id\":\"https:\\\/\\\/www.zivogosce.hr\\\/cs\\\/private-accommodation\\\/#breadcrumb\",\"itemListElement\":[{\"@type\":\"ListItem\",\"position\":1,\"name\":\"Home\",\"item\":\"https:\\\/\\\/www.zivogosce.hr\\\/cs\\\/\"},{\"@type\":\"ListItem\",\"position\":2,\"name\":\"Priv\u00e1tn\u00ed ubytov\u00e1n\u00ed\"}]},{\"@type\":\"WebSite\",\"@id\":\"https:\\\/\\\/www.zivogosce.hr\\\/#website\",\"url\":\"https:\\\/\\\/www.zivogosce.hr\\\/\",\"name\":\"\u017divogo\u0161\u0107e\",\"description\":\"Tourist Board\",\"publisher\":{\"@id\":\"https:\\\/\\\/www.zivogosce.hr\\\/#organization\"},\"potentialAction\":[{\"@type\":\"SearchAction\",\"target\":{\"@type\":\"EntryPoint\",\"urlTemplate\":\"https:\\\/\\\/www.zivogosce.hr\\\/?s={search_term_string}\"},\"query-input\":{\"@type\":\"PropertyValueSpecification\",\"valueRequired\":true,\"valueName\":\"search_term_string\"}}],\"inLanguage\":\"cs\"},{\"@type\":\"Organization\",\"@id\":\"https:\\\/\\\/www.zivogosce.hr\\\/#organization\",\"name\":\"Turisti\u010dka zajednica mjesta \u017divogo\u0161\u0107e\",\"url\":\"https:\\\/\\\/www.zivogosce.hr\\\/\",\"logo\":{\"@type\":\"ImageObject\",\"inLanguage\":\"cs\",\"@id\":\"https:\\\/\\\/www.zivogosce.hr\\\/#\\\/schema\\\/logo\\\/image\\\/\",\"url\":\"https:\\\/\\\/www.zivogosce.hr\\\/wp-content\\\/uploads\\\/2018\\\/02\\\/zivogosce.png\",\"contentUrl\":\"https:\\\/\\\/www.zivogosce.hr\\\/wp-content\\\/uploads\\\/2018\\\/02\\\/zivogosce.png\",\"width\":159,\"height\":72,\"caption\":\"Turisti\u010dka zajednica mjesta \u017divogo\u0161\u0107e\"},\"image\":{\"@id\":\"https:\\\/\\\/www.zivogosce.hr\\\/#\\\/schema\\\/logo\\\/image\\\/\"},\"sameAs\":[\"https:\\\/\\\/www.facebook.com\\\/zivogosce\\\/\"]}]}<\/script>\n<!-- \/ Yoast SEO plugin. -->","yoast_head_json":{"title":"Priv\u00e1tn\u00ed ubytov\u00e1n\u00ed - \u017divogo\u0161\u0107e","description":"Soukrom\u00e9 ubytov\u00e1n\u00ed v \u017divogo\u0161\u0107e","robots":{"index":"index","follow":"follow","max-snippet":"max-snippet:-1","max-image-preview":"max-image-preview:large","max-video-preview":"max-video-preview:-1"},"canonical":"https:\/\/www.zivogosce.hr\/cs\/private-accommodation\/","og_locale":"cs_CZ","og_type":"article","og_title":"Priv\u00e1tn\u00ed ubytov\u00e1n\u00ed - \u017divogo\u0161\u0107e","og_description":"Soukrom\u00e9 ubytov\u00e1n\u00ed v \u017divogo\u0161\u0107e","og_url":"https:\/\/www.zivogosce.hr\/cs\/private-accommodation\/","og_site_name":"\u017divogo\u0161\u0107e","article_publisher":"https:\/\/www.facebook.com\/zivogosce\/","article_modified_time":"2024-06-06T11:30:21+00:00","twitter_card":"summary_large_image","schema":{"@context":"https:\/\/schema.org","@graph":[{"@type":"WebPage","@id":"https:\/\/www.zivogosce.hr\/cs\/private-accommodation\/","url":"https:\/\/www.zivogosce.hr\/cs\/private-accommodation\/","name":"Priv\u00e1tn\u00ed ubytov\u00e1n\u00ed - \u017divogo\u0161\u0107e","isPartOf":{"@id":"https:\/\/www.zivogosce.hr\/#website"},"datePublished":"2016-08-10T08:44:25+00:00","dateModified":"2024-06-06T11:30:21+00:00","description":"Soukrom\u00e9 ubytov\u00e1n\u00ed v \u017divogo\u0161\u0107e","breadcrumb":{"@id":"https:\/\/www.zivogosce.hr\/cs\/private-accommodation\/#breadcrumb"},"inLanguage":"cs","potentialAction":[{"@type":"ReadAction","target":["https:\/\/www.zivogosce.hr\/cs\/private-accommodation\/"]}]},{"@type":"BreadcrumbList","@id":"https:\/\/www.zivogosce.hr\/cs\/private-accommodation\/#breadcrumb","itemListElement":[{"@type":"ListItem","position":1,"name":"Home","item":"https:\/\/www.zivogosce.hr\/cs\/"},{"@type":"ListItem","position":2,"name":"Priv\u00e1tn\u00ed ubytov\u00e1n\u00ed"}]},{"@type":"WebSite","@id":"https:\/\/www.zivogosce.hr\/#website","url":"https:\/\/www.zivogosce.hr\/","name":"\u017divogo\u0161\u0107e","description":"Tourist Board","publisher":{"@id":"https:\/\/www.zivogosce.hr\/#organization"},"potentialAction":[{"@type":"SearchAction","target":{"@type":"EntryPoint","urlTemplate":"https:\/\/www.zivogosce.hr\/?s={search_term_string}"},"query-input":{"@type":"PropertyValueSpecification","valueRequired":true,"valueName":"search_term_string"}}],"inLanguage":"cs"},{"@type":"Organization","@id":"https:\/\/www.zivogosce.hr\/#organization","name":"Turisti\u010dka zajednica mjesta \u017divogo\u0161\u0107e","url":"https:\/\/www.zivogosce.hr\/","logo":{"@type":"ImageObject","inLanguage":"cs","@id":"https:\/\/www.zivogosce.hr\/#\/schema\/logo\/image\/","url":"https:\/\/www.zivogosce.hr\/wp-content\/uploads\/2018\/02\/zivogosce.png","contentUrl":"https:\/\/www.zivogosce.hr\/wp-content\/uploads\/2018\/02\/zivogosce.png","width":159,"height":72,"caption":"Turisti\u010dka zajednica mjesta \u017divogo\u0161\u0107e"},"image":{"@id":"https:\/\/www.zivogosce.hr\/#\/schema\/logo\/image\/"},"sameAs":["https:\/\/www.facebook.com\/zivogosce\/"]}]}},"_links":{"self":[{"href":"https:\/\/www.zivogosce.hr\/cs\/wp-json\/wp\/v2\/pages\/2277","targetHints":{"allow":["GET"]}}],"collection":[{"href":"https:\/\/www.zivogosce.hr\/cs\/wp-json\/wp\/v2\/pages"}],"about":[{"href":"https:\/\/www.zivogosce.hr\/cs\/wp-json\/wp\/v2\/types\/page"}],"author":[{"embeddable":true,"href":"https:\/\/www.zivogosce.hr\/cs\/wp-json\/wp\/v2\/users\/1"}],"replies":[{"embeddable":true,"href":"https:\/\/www.zivogosce.hr\/cs\/wp-json\/wp\/v2\/comments?post=2277"}],"version-history":[{"count":1,"href":"https:\/\/www.zivogosce.hr\/cs\/wp-json\/wp\/v2\/pages\/2277\/revisions"}],"predecessor-version":[{"id":2281,"href":"https:\/\/www.zivogosce.hr\/cs\/wp-json\/wp\/v2\/pages\/2277\/revisions\/2281"}],"wp:attachment":[{"href":"https:\/\/www.zivogosce.hr\/cs\/wp-json\/wp\/v2\/media?parent=2277"}],"curies":[{"name":"wp","href":"https:\/\/api.w.org\/{rel}","templated":true}]}}